{"id":13469,"date":"2023-03-30T03:25:02","date_gmt":"2023-03-30T03:25:02","guid":{"rendered":"https:\/\/hansaplas.com\/?page_id=13469"},"modified":"2023-03-31T01:26:27","modified_gmt":"2023-03-31T01:26:27","slug":"what-is-ptfe-temperature-range-the-ultimate-guide","status":"publish","type":"page","link":"https:\/\/hansaplas.com\/sv\/ptfe-temperaturomrade\/","title":{"rendered":"Vad \u00e4r PTFE-temperaturintervall \u2013 Den ultimata guiden"},"content":{"rendered":"<p><img loading=\"lazy\" decoding=\"async\" class=\"alignnone size-full wp-image-13486 aligncenter\" src=\"http:\/\/hansaplas.com\/wp-content\/uploads\/2023\/03\/PTFE-Temperature-Range.jpg\" alt=\"PTFE temperaturomr\u00e5de\" width=\"800\" height=\"450\" srcset=\"https:\/\/hansaplas.com\/wp-content\/uploads\/2023\/03\/PTFE-Temperature-Range.jpg 800w, https:\/\/hansaplas.com\/wp-content\/uploads\/2023\/03\/PTFE-Temperature-Range-768x432.jpg 768w\" sizes=\"auto, (max-width: 800px) 100vw, 800px\" \/><\/p>\n<p>PTFE \u00e4r en fluorpolymer som tillh\u00f6r gruppen plaster och best\u00e5r av kol- och fluoratomer. Det \u00e4r ett material som \u00e4r v\u00e4rmebest\u00e4ndigt, har l\u00e5g friktionskoefficient och \u00e4r kemiskt best\u00e4ndigt.<\/p>\n<p>Denna guide belyser n\u00e5gra grundl\u00e4ggande aspekter om temperaturintervallet f\u00f6r PTFE.<\/p>\n<h2>RPTFE-temperaturgr\u00e4ns<\/h2>\n<div class=\"ast-oembed-container\" style=\"height: 100%;\"><iframe loading=\"lazy\" title=\"Vad \u00e4r teflon? - Matvetenskap\" width=\"500\" height=\"281\" src=\"https:\/\/www.youtube.com\/embed\/5sKC9D9rhck?feature=oembed\" frameborder=\"0\" allow=\"accelerometer; autoplay; clipboard-write; encrypted-media; gyroscope; picture-in-picture; web-share\" referrerpolicy=\"strict-origin-when-cross-origin\" allowfullscreen><\/iframe><\/div>\n<p>&nbsp;<\/p>\n<p>RPTFE \u00e4r <a href=\"https:\/\/en.wikipedia.org\/wiki\/Polytetrafluoroethylene\">PTFE<\/a> f\u00f6rst\u00e4rkt med kol, glas eller brons med ett intervall p\u00e5 -45<sup>0<\/sup>C till 230<sup>0<\/sup>C servicetemperatur.<\/p>\n<p>Vanligtvis \u00e4r den l\u00e4mplig f\u00f6r \u00e5nga och termiska v\u00e4tskeapplikationer tack vare dess l\u00e5ga friktionskoefficient. Dessutom \u00e4r den god kemikaliebest\u00e4ndig och erbjuder en f\u00f6rb\u00e4ttrad livscykel.<\/p>\n<figure id=\"attachment_13470\" aria-describedby=\"caption-attachment-13470\" style=\"width: 670px\" class=\"wp-caption aligncenter\"><img loading=\"lazy\" decoding=\"async\" class=\"wp-image-13470 size-full\" src=\"http:\/\/hansaplas.com\/wp-content\/uploads\/2023\/03\/Figure-1-PTFE.jpg\" alt=\"PTFE\" width=\"670\" height=\"380\" \/><figcaption id=\"caption-attachment-13470\" class=\"wp-caption-text\">PTFE<\/figcaption><\/figure>\n<h2>Temperaturomr\u00e5de f\u00f6r jungfrulig PTFE<\/h2>\n<p>PTFE har utm\u00e4rkta v\u00e4rmeisoleringsegenskaper med l\u00e5g friktionskoefficient.<\/p>\n<p>Dess mekaniska egenskaper \u00e4r l\u00e5ga j\u00e4mf\u00f6rt med andra plaster och har ett brett anv\u00e4ndbart temperaturomr\u00e5de p\u00e5 -73<sup>0<\/sup>C till 149<sup>0<\/sup>C.<\/p>\n<figure id=\"attachment_13471\" aria-describedby=\"caption-attachment-13471\" style=\"width: 670px\" class=\"wp-caption aligncenter\"><img loading=\"lazy\" decoding=\"async\" class=\"wp-image-13471 size-full\" src=\"http:\/\/hansaplas.com\/wp-content\/uploads\/2023\/03\/Figure-2-PTFE-creep-rate.jpg\" alt=\"PTFE-kryphastighet\" width=\"670\" height=\"380\" \/><figcaption id=\"caption-attachment-13471\" class=\"wp-caption-text\">PTFE-kryphastighet<\/figcaption><\/figure>\n<h2>Teflon sm\u00e4lttemperatur<\/h2>\n<p><a href=\"https:\/\/www.britannica.com\/science\/polytetrafluoroethylene\">Teflon<\/a> \u00e4r en syntetisk plast med en densitet p\u00e5 2,2 g\/cm^3. Den har en sm\u00e4ltpunkt p\u00e5 327<sup>0<\/sup>C.<\/p>\n<h2>Temperaturomr\u00e5de f\u00f6r glasfylld PTFE<\/h2>\n<p>Glasfylld PTFE \u00e4r dimensionsstabil och slitstark.<\/p>\n<p>Den har en extremt god kemisk resistens p\u00e5 -260<sup>0<\/sup>C till +260<sup>0<\/sup>C temperaturintervall.<\/p>\n<h2>PTFE-mjukningstemperatur<\/h2>\n<p>PTFE har en linj\u00e4r v\u00e4rmeutvidgningskoefficient p\u00e5 7,5<sup>0<\/sup>F och sm\u00e4lttemperatur p\u00e5 635<sup>0<\/sup>F<\/p>\n<h2>Temperaturomr\u00e5de f\u00f6r grafitfylld PTFE<\/h2>\n<p>Grafit har l\u00e5g friktion och \u00e4r sj\u00e4lvsm\u00f6rjande. Den har ett temperaturomr\u00e5de p\u00e5 -350\u25e6F +500\u25e6F.<\/p>\n<figure id=\"attachment_13472\" aria-describedby=\"caption-attachment-13472\" style=\"width: 670px\" class=\"wp-caption aligncenter\"><img loading=\"lazy\" decoding=\"async\" class=\"wp-image-13472 size-full\" src=\"http:\/\/hansaplas.com\/wp-content\/uploads\/2023\/03\/Figure-3-Graphite-filled-PTFE.jpg\" alt=\"Grafitfylld PTFE\" width=\"670\" height=\"380\" \/><figcaption id=\"caption-attachment-13472\" class=\"wp-caption-text\">Grafitfylld PTFE<\/figcaption><\/figure>\n<h2>Hur temperaturen p\u00e5verkar PTFE-egenskaper<\/h2>\n<p>Den molekyl\u00e4ra sammans\u00e4ttningen i PFTE reagerar olika n\u00e4r den uts\u00e4tts f\u00f6r h\u00f6ga temperaturer. N\u00e4r deformation v\u00e4l har skett \u00e4r det sv\u00e5rt att \u00e5terf\u00e5 sin faktiska form.<\/p>\n<p>Vanligtvis b\u00f6rjar PFTE att \u00f6verg\u00e5 vid 24\u00b0C. Denna tendens \u00e4r dock bra i applikationer som kr\u00e4ver dragh\u00e5llfasthet.<\/p>\n<h2>PTFE termisk stabilitetsomr\u00e5de<\/h2>\n<p>De <a href=\"https:\/\/www.nde-ed.org\/Physics\/Materials\/Structure\/polymer.xhtml\">polymerstruktur<\/a> i PFTE g\u00f6r den till den b\u00e4st termiskt stabila komponenten f\u00f6r att bibeh\u00e5lla sina egenskaper tack vare sin h\u00f6ga CC-bindningsenergi.<\/p>\n<h2>Hur PTFE-temperaturintervallet best\u00e4mmer anv\u00e4ndningsomr\u00e5den<\/h2>\n<p>Det anv\u00e4nds ofta f\u00f6r att tillverka nonstick-bel\u00e4ggningar i k\u00f6ket, s\u00e5som stekpannor och grytor. Detta beror naturligtvis p\u00e5 den h\u00f6ga termiska stabiliteten i temperaturintervallet -400\u00b0F till 500\u00b0F.<\/p>\n<p>Andra till\u00e4mpningar inkluderar mikrov\u00e5gor, elektriska isolatorer, gasledningar, kaffebryggare, kemiska processsystem, packningsfoder, tillbeh\u00f6r till solpaneler etc.<\/p>\n<p>F\u00f6r alla till\u00e4mpningar kan du v\u00e4lja <a href=\"https:\/\/hansaplas.com\/sv\/ptfe-ark\/\">PTFE-skivor<\/a>, <a href=\"https:\/\/hansaplas.com\/sv\/ptfe-stav\/\">PTFE stavar<\/a>eller PTFE-pellets.<\/p>\n<h2>Slutsats<\/h2>\n<p>PFTE \u00e4r ett syntetiskt material med \u00f6verl\u00e4gsna non-stick-egenskaper som inte kan j\u00e4mf\u00f6ras med andra plaster.<\/p>\n<p>Med sin h\u00f6ga temperaturstabilitet, l\u00e5ga friktionskoefficient och fullst\u00e4ndiga kemiska resistens kan olika fyllmedel tills\u00e4ttas f\u00f6r att f\u00f6rb\u00e4ttra dess prestanda.<\/p>\n<p>F\u00f6r alla dina PTFE-material, <a href=\"https:\/\/hansaplas.com\/sv\/kontakta-oss\/\">kontakta oss nu<\/a>.<\/p>","protected":false},"excerpt":{"rendered":"<p>PTFE is a fluoropolymer categorized in the group of plastics made up of carbon and fluorine atoms. It is a material that is good in [&hellip;]<\/p>\n","protected":false},"author":1,"featured_media":0,"parent":0,"menu_order":0,"comment_status":"closed","ping_status":"closed","template":"","meta":{"_acf_changed":false,"site-sidebar-layout":"default","site-content-layout":"default","ast-site-content-layout":"default","site-content-style":"default","site-sidebar-style":"default","ast-global-header-display":"","ast-banner-title-visibility":"","ast-main-header-display":"","ast-hfb-above-header-display":"","ast-hfb-below-header-display":"","ast-hfb-mobile-header-display":"","site-post-title":"","ast-breadcrumbs-content":"disabled","ast-featured-img":"","footer-sml-layout":"","ast-disable-related-posts":"","theme-transparent-header-meta":"default","adv-header-id-meta":"","stick-header-meta":"default","header-above-stick-meta":"","header-main-stick-meta":"","header-below-stick-meta":"","astra-migrate-meta-layouts":"default","ast-page-background-enabled":"default","ast-page-background-meta":{"desktop":{"background-color":"","background-image":"","background-repeat":"repeat","background-position":"center center","background-size":"auto","background-attachment":"scroll","background-type":"","background-media":"","overlay-type":"","overlay-color":"","overlay-opacity":"","overlay-gradient":""},"tablet":{"background-color":"","background-image":"","background-repeat":"repeat","background-position":"center center","background-size":"auto","background-attachment":"scroll","background-type":"","background-media":"","overlay-type":"","overlay-color":"","overlay-opacity":"","overlay-gradient":""},"mobile":{"background-color":"","background-image":"","background-repeat":"repeat","background-position":"center center","background-size":"auto","background-attachment":"scroll","background-type":"","background-media":"","overlay-type":"","overlay-color":"","overlay-opacity":"","overlay-gradient":""}},"ast-content-background-meta":{"desktop":{"background-color":"var(--ast-global-color-5)","background-image":"","background-repeat":"repeat","background-position":"center center","background-size":"auto","background-attachment":"scroll","background-type":"","background-media":"","overlay-type":"","overlay-color":"","overlay-opacity":"","overlay-gradient":""},"tablet":{"background-color":"var(--ast-global-color-5)","background-image":"","background-repeat":"repeat","background-position":"center center","background-size":"auto","background-attachment":"scroll","background-type":"","background-media":"","overlay-type":"","overlay-color":"","overlay-opacity":"","overlay-gradient":""},"mobile":{"background-color":"var(--ast-global-color-5)","background-image":"","background-repeat":"repeat","background-position":"center center","background-size":"auto","background-attachment":"scroll","background-type":"","background-media":"","overlay-type":"","overlay-color":"","overlay-opacity":"","overlay-gradient":""}},"footnotes":""},"class_list":["post-13469","page","type-page","status-publish","hentry"],"acf":[],"yoast_head":"<!-- This site is optimized with the Yoast SEO plugin v27.4 - https:\/\/yoast.com\/product\/yoast-seo-wordpress\/ -->\n<title>What is PTFE Temperature Range - The Ultimate Guide - Hansa<\/title>\n<meta name=\"robots\" content=\"index, follow, max-snippet:-1, max-image-preview:large, max-video-preview:-1\" \/>\n<link rel=\"canonical\" href=\"https:\/\/hansaplas.com\/sv\/ptfe-temperaturomrade\/\" \/>\n<meta property=\"og:locale\" content=\"sv_SE\" \/>\n<meta property=\"og:type\" content=\"article\" \/>\n<meta property=\"og:title\" content=\"What is PTFE Temperature Range - The Ultimate Guide - Hansa\" \/>\n<meta property=\"og:description\" content=\"PTFE is a fluoropolymer categorized in the group of plastics made up of carbon and fluorine atoms. It is a material that is good in [&hellip;]\" \/>\n<meta property=\"og:url\" content=\"https:\/\/hansaplas.com\/sv\/ptfe-temperaturomrade\/\" \/>\n<meta property=\"og:site_name\" content=\"Hansa\" \/>\n<meta property=\"article:modified_time\" content=\"2023-03-31T01:26:27+00:00\" \/>\n<meta property=\"og:image\" content=\"http:\/\/hansaplas.com\/wp-content\/uploads\/2023\/03\/PTFE-Temperature-Range.jpg\" \/>\n<meta name=\"twitter:card\" content=\"summary_large_image\" \/>\n<meta name=\"twitter:label1\" content=\"Ber\u00e4knad l\u00e4stid\" \/>\n\t<meta name=\"twitter:data1\" content=\"3 minuter\" \/>\n<script type=\"application\/ld+json\" class=\"yoast-schema-graph\">{\"@context\":\"https:\\\/\\\/schema.org\",\"@graph\":[{\"@type\":\"WebPage\",\"@id\":\"https:\\\/\\\/hansaplas.com\\\/ptfe-temperature-range\\\/\",\"url\":\"https:\\\/\\\/hansaplas.com\\\/ptfe-temperature-range\\\/\",\"name\":\"What is PTFE Temperature Range - The Ultimate Guide - Hansa\",\"isPartOf\":{\"@id\":\"https:\\\/\\\/hansaplas.com\\\/#website\"},\"primaryImageOfPage\":{\"@id\":\"https:\\\/\\\/hansaplas.com\\\/ptfe-temperature-range\\\/#primaryimage\"},\"image\":{\"@id\":\"https:\\\/\\\/hansaplas.com\\\/ptfe-temperature-range\\\/#primaryimage\"},\"thumbnailUrl\":\"http:\\\/\\\/hansaplas.com\\\/wp-content\\\/uploads\\\/2023\\\/03\\\/PTFE-Temperature-Range.jpg\",\"datePublished\":\"2023-03-30T03:25:02+00:00\",\"dateModified\":\"2023-03-31T01:26:27+00:00\",\"breadcrumb\":{\"@id\":\"https:\\\/\\\/hansaplas.com\\\/ptfe-temperature-range\\\/#breadcrumb\"},\"inLanguage\":\"sv-SE\",\"potentialAction\":[{\"@type\":\"ReadAction\",\"target\":[\"https:\\\/\\\/hansaplas.com\\\/ptfe-temperature-range\\\/\"]}]},{\"@type\":\"ImageObject\",\"inLanguage\":\"sv-SE\",\"@id\":\"https:\\\/\\\/hansaplas.com\\\/ptfe-temperature-range\\\/#primaryimage\",\"url\":\"http:\\\/\\\/hansaplas.com\\\/wp-content\\\/uploads\\\/2023\\\/03\\\/PTFE-Temperature-Range.jpg\",\"contentUrl\":\"http:\\\/\\\/hansaplas.com\\\/wp-content\\\/uploads\\\/2023\\\/03\\\/PTFE-Temperature-Range.jpg\"},{\"@type\":\"BreadcrumbList\",\"@id\":\"https:\\\/\\\/hansaplas.com\\\/ptfe-temperature-range\\\/#breadcrumb\",\"itemListElement\":[{\"@type\":\"ListItem\",\"position\":1,\"name\":\"Home\",\"item\":\"https:\\\/\\\/hansaplas.com\\\/\"},{\"@type\":\"ListItem\",\"position\":2,\"name\":\"What is PTFE Temperature Range &#8211; The Ultimate Guide\"}]},{\"@type\":\"WebSite\",\"@id\":\"https:\\\/\\\/hansaplas.com\\\/#website\",\"url\":\"https:\\\/\\\/hansaplas.com\\\/\",\"name\":\"Hansa\",\"description\":\"\",\"publisher\":{\"@id\":\"https:\\\/\\\/hansaplas.com\\\/#organization\"},\"potentialAction\":[{\"@type\":\"SearchAction\",\"target\":{\"@type\":\"EntryPoint\",\"urlTemplate\":\"https:\\\/\\\/hansaplas.com\\\/?s={search_term_string}\"},\"query-input\":{\"@type\":\"PropertyValueSpecification\",\"valueRequired\":true,\"valueName\":\"search_term_string\"}}],\"inLanguage\":\"sv-SE\"},{\"@type\":\"Organization\",\"@id\":\"https:\\\/\\\/hansaplas.com\\\/#organization\",\"name\":\"Hansa\",\"url\":\"https:\\\/\\\/hansaplas.com\\\/\",\"logo\":{\"@type\":\"ImageObject\",\"inLanguage\":\"sv-SE\",\"@id\":\"https:\\\/\\\/hansaplas.com\\\/#\\\/schema\\\/logo\\\/image\\\/\",\"url\":\"https:\\\/\\\/hansaplas.com\\\/wp-content\\\/uploads\\\/2022\\\/11\\\/logo.png\",\"contentUrl\":\"https:\\\/\\\/hansaplas.com\\\/wp-content\\\/uploads\\\/2022\\\/11\\\/logo.png\",\"width\":320,\"height\":77,\"caption\":\"Hansa\"},\"image\":{\"@id\":\"https:\\\/\\\/hansaplas.com\\\/#\\\/schema\\\/logo\\\/image\\\/\"}}]}<\/script>\n<!-- \/ Yoast SEO plugin. -->","yoast_head_json":{"title":"Vad \u00e4r PTFE-temperaturintervall - Den ultimata guiden - Hansa","robots":{"index":"index","follow":"follow","max-snippet":"max-snippet:-1","max-image-preview":"max-image-preview:large","max-video-preview":"max-video-preview:-1"},"canonical":"https:\/\/hansaplas.com\/sv\/ptfe-temperaturomrade\/","og_locale":"sv_SE","og_type":"article","og_title":"What is PTFE Temperature Range - The Ultimate Guide - Hansa","og_description":"PTFE is a fluoropolymer categorized in the group of plastics made up of carbon and fluorine atoms. It is a material that is good in [&hellip;]","og_url":"https:\/\/hansaplas.com\/sv\/ptfe-temperaturomrade\/","og_site_name":"Hansa","article_modified_time":"2023-03-31T01:26:27+00:00","og_image":[{"url":"http:\/\/hansaplas.com\/wp-content\/uploads\/2023\/03\/PTFE-Temperature-Range.jpg","type":"","width":"","height":""}],"twitter_card":"summary_large_image","twitter_misc":{"Ber\u00e4knad l\u00e4stid":"3 minuter"},"schema":{"@context":"https:\/\/schema.org","@graph":[{"@type":"WebPage","@id":"https:\/\/hansaplas.com\/ptfe-temperature-range\/","url":"https:\/\/hansaplas.com\/ptfe-temperature-range\/","name":"Vad \u00e4r PTFE-temperaturintervall - Den ultimata guiden - Hansa","isPartOf":{"@id":"https:\/\/hansaplas.com\/#website"},"primaryImageOfPage":{"@id":"https:\/\/hansaplas.com\/ptfe-temperature-range\/#primaryimage"},"image":{"@id":"https:\/\/hansaplas.com\/ptfe-temperature-range\/#primaryimage"},"thumbnailUrl":"http:\/\/hansaplas.com\/wp-content\/uploads\/2023\/03\/PTFE-Temperature-Range.jpg","datePublished":"2023-03-30T03:25:02+00:00","dateModified":"2023-03-31T01:26:27+00:00","breadcrumb":{"@id":"https:\/\/hansaplas.com\/ptfe-temperature-range\/#breadcrumb"},"inLanguage":"sv-SE","potentialAction":[{"@type":"ReadAction","target":["https:\/\/hansaplas.com\/ptfe-temperature-range\/"]}]},{"@type":"ImageObject","inLanguage":"sv-SE","@id":"https:\/\/hansaplas.com\/ptfe-temperature-range\/#primaryimage","url":"http:\/\/hansaplas.com\/wp-content\/uploads\/2023\/03\/PTFE-Temperature-Range.jpg","contentUrl":"http:\/\/hansaplas.com\/wp-content\/uploads\/2023\/03\/PTFE-Temperature-Range.jpg"},{"@type":"BreadcrumbList","@id":"https:\/\/hansaplas.com\/ptfe-temperature-range\/#breadcrumb","itemListElement":[{"@type":"ListItem","position":1,"name":"Home","item":"https:\/\/hansaplas.com\/"},{"@type":"ListItem","position":2,"name":"What is PTFE Temperature Range &#8211; The Ultimate Guide"}]},{"@type":"WebSite","@id":"https:\/\/hansaplas.com\/#website","url":"https:\/\/hansaplas.com\/","name":"Hansa","description":"","publisher":{"@id":"https:\/\/hansaplas.com\/#organization"},"potentialAction":[{"@type":"SearchAction","target":{"@type":"EntryPoint","urlTemplate":"https:\/\/hansaplas.com\/?s={search_term_string}"},"query-input":{"@type":"PropertyValueSpecification","valueRequired":true,"valueName":"search_term_string"}}],"inLanguage":"sv-SE"},{"@type":"Organization","@id":"https:\/\/hansaplas.com\/#organization","name":"Hansa","url":"https:\/\/hansaplas.com\/","logo":{"@type":"ImageObject","inLanguage":"sv-SE","@id":"https:\/\/hansaplas.com\/#\/schema\/logo\/image\/","url":"https:\/\/hansaplas.com\/wp-content\/uploads\/2022\/11\/logo.png","contentUrl":"https:\/\/hansaplas.com\/wp-content\/uploads\/2022\/11\/logo.png","width":320,"height":77,"caption":"Hansa"},"image":{"@id":"https:\/\/hansaplas.com\/#\/schema\/logo\/image\/"}}]}},"_links":{"self":[{"href":"https:\/\/hansaplas.com\/sv\/wp-json\/wp\/v2\/pages\/13469","targetHints":{"allow":["GET"]}}],"collection":[{"href":"https:\/\/hansaplas.com\/sv\/wp-json\/wp\/v2\/pages"}],"about":[{"href":"https:\/\/hansaplas.com\/sv\/wp-json\/wp\/v2\/types\/page"}],"author":[{"embeddable":true,"href":"https:\/\/hansaplas.com\/sv\/wp-json\/wp\/v2\/users\/1"}],"replies":[{"embeddable":true,"href":"https:\/\/hansaplas.com\/sv\/wp-json\/wp\/v2\/comments?post=13469"}],"version-history":[{"count":3,"href":"https:\/\/hansaplas.com\/sv\/wp-json\/wp\/v2\/pages\/13469\/revisions"}],"predecessor-version":[{"id":13488,"href":"https:\/\/hansaplas.com\/sv\/wp-json\/wp\/v2\/pages\/13469\/revisions\/13488"}],"wp:attachment":[{"href":"https:\/\/hansaplas.com\/sv\/wp-json\/wp\/v2\/media?parent=13469"}],"curies":[{"name":"wp","href":"https:\/\/api.w.org\/{rel}","templated":true}]}}