{"id":339,"date":"2020-09-10T15:16:48","date_gmt":"2020-09-10T15:16:48","guid":{"rendered":"http:\/\/hansaplas.com\/?page_id=339"},"modified":"2020-12-08T02:53:49","modified_gmt":"2020-12-08T02:53:49","slug":"obrigado","status":"publish","type":"page","link":"https:\/\/hansaplas.com\/pt\/obrigado\/","title":{"rendered":"Obrigado"},"content":{"rendered":"<h1>Obrigado pela sua consulta. Entraremos em contato com voc\u00ea em at\u00e9 8 horas \u00fateis!<\/h1>","protected":false},"excerpt":{"rendered":"<p>Obrigado pela sua consulta. Entraremos em contato com voc\u00ea em at\u00e9 8 horas \u00fateis!<\/p>","protected":false},"author":1,"featured_media":0,"parent":0,"menu_order":0,"comment_status":"closed","ping_status":"closed","template":"","meta":{"_acf_changed":false,"site-sidebar-layout":"default","site-content-layout":"default","ast-site-content-layout":"default","site-content-style":"default","site-sidebar-style":"default","ast-global-header-display":"","ast-banner-title-visibility":"","ast-main-header-display":"","ast-hfb-above-header-display":"","ast-hfb-below-header-display":"","ast-hfb-mobile-header-display":"","site-post-title":"disabled","ast-breadcrumbs-content":"","ast-featured-img":"disabled","footer-sml-layout":"","ast-disable-related-posts":"","theme-transparent-header-meta":"default","adv-header-id-meta":"","stick-header-meta":"","header-above-stick-meta":"","header-main-stick-meta":"","header-below-stick-meta":"","astra-migrate-meta-layouts":"default","ast-page-background-enabled":"default","ast-page-background-meta":{"desktop":{"background-color":"","background-image":"","background-repeat":"repeat","background-position":"center center","background-size":"auto","background-attachment":"scroll","background-type":"","background-media":"","overlay-type":"","overlay-color":"","overlay-opacity":"","overlay-gradient":""},"tablet":{"background-color":"","background-image":"","background-repeat":"repeat","background-position":"center center","background-size":"auto","background-attachment":"scroll","background-type":"","background-media":"","overlay-type":"","overlay-color":"","overlay-opacity":"","overlay-gradient":""},"mobile":{"background-color":"","background-image":"","background-repeat":"repeat","background-position":"center center","background-size":"auto","background-attachment":"scroll","background-type":"","background-media":"","overlay-type":"","overlay-color":"","overlay-opacity":"","overlay-gradient":""}},"ast-content-background-meta":{"desktop":{"background-color":"var(--ast-global-color-5)","background-image":"","background-repeat":"repeat","background-position":"center center","background-size":"auto","background-attachment":"scroll","background-type":"","background-media":"","overlay-type":"","overlay-color":"","overlay-opacity":"","overlay-gradient":""},"tablet":{"background-color":"var(--ast-global-color-5)","background-image":"","background-repeat":"repeat","background-position":"center center","background-size":"auto","background-attachment":"scroll","background-type":"","background-media":"","overlay-type":"","overlay-color":"","overlay-opacity":"","overlay-gradient":""},"mobile":{"background-color":"var(--ast-global-color-5)","background-image":"","background-repeat":"repeat","background-position":"center center","background-size":"auto","background-attachment":"scroll","background-type":"","background-media":"","overlay-type":"","overlay-color":"","overlay-opacity":"","overlay-gradient":""}},"footnotes":""},"class_list":["post-339","page","type-page","status-publish","hentry"],"acf":[],"yoast_head":"<!-- This site is optimized with the Yoast SEO plugin v27.4 - https:\/\/yoast.com\/product\/yoast-seo-wordpress\/ -->\n<title>Thank You - Hansa<\/title>\n<meta name=\"robots\" content=\"index, follow, max-snippet:-1, max-image-preview:large, max-video-preview:-1\" \/>\n<link rel=\"canonical\" href=\"https:\/\/hansaplas.com\/pt\/obrigado\/\" \/>\n<meta property=\"og:locale\" content=\"pt_PT\" \/>\n<meta property=\"og:type\" content=\"article\" \/>\n<meta property=\"og:title\" content=\"Thank You - Hansa\" \/>\n<meta property=\"og:description\" content=\"Thanks for Your Inquiry, We will Get back to You within 8 Working Hours!\" \/>\n<meta property=\"og:url\" content=\"https:\/\/hansaplas.com\/pt\/obrigado\/\" \/>\n<meta property=\"og:site_name\" content=\"Hansa\" \/>\n<meta property=\"article:modified_time\" content=\"2020-12-08T02:53:49+00:00\" \/>\n<meta name=\"twitter:card\" content=\"summary_large_image\" \/>\n<script type=\"application\/ld+json\" class=\"yoast-schema-graph\">{\"@context\":\"https:\\\/\\\/schema.org\",\"@graph\":[{\"@type\":\"WebPage\",\"@id\":\"https:\\\/\\\/hansaplas.com\\\/thank-you\\\/\",\"url\":\"https:\\\/\\\/hansaplas.com\\\/thank-you\\\/\",\"name\":\"Thank You - Hansa\",\"isPartOf\":{\"@id\":\"https:\\\/\\\/hansaplas.com\\\/#website\"},\"datePublished\":\"2020-09-10T15:16:48+00:00\",\"dateModified\":\"2020-12-08T02:53:49+00:00\",\"breadcrumb\":{\"@id\":\"https:\\\/\\\/hansaplas.com\\\/thank-you\\\/#breadcrumb\"},\"inLanguage\":\"pt-PT\",\"potentialAction\":[{\"@type\":\"ReadAction\",\"target\":[\"https:\\\/\\\/hansaplas.com\\\/thank-you\\\/\"]}]},{\"@type\":\"BreadcrumbList\",\"@id\":\"https:\\\/\\\/hansaplas.com\\\/thank-you\\\/#breadcrumb\",\"itemListElement\":[{\"@type\":\"ListItem\",\"position\":1,\"name\":\"Home\",\"item\":\"https:\\\/\\\/hansaplas.com\\\/\"},{\"@type\":\"ListItem\",\"position\":2,\"name\":\"Thank You\"}]},{\"@type\":\"WebSite\",\"@id\":\"https:\\\/\\\/hansaplas.com\\\/#website\",\"url\":\"https:\\\/\\\/hansaplas.com\\\/\",\"name\":\"Hansa\",\"description\":\"\",\"publisher\":{\"@id\":\"https:\\\/\\\/hansaplas.com\\\/#organization\"},\"potentialAction\":[{\"@type\":\"SearchAction\",\"target\":{\"@type\":\"EntryPoint\",\"urlTemplate\":\"https:\\\/\\\/hansaplas.com\\\/?s={search_term_string}\"},\"query-input\":{\"@type\":\"PropertyValueSpecification\",\"valueRequired\":true,\"valueName\":\"search_term_string\"}}],\"inLanguage\":\"pt-PT\"},{\"@type\":\"Organization\",\"@id\":\"https:\\\/\\\/hansaplas.com\\\/#organization\",\"name\":\"Hansa\",\"url\":\"https:\\\/\\\/hansaplas.com\\\/\",\"logo\":{\"@type\":\"ImageObject\",\"inLanguage\":\"pt-PT\",\"@id\":\"https:\\\/\\\/hansaplas.com\\\/#\\\/schema\\\/logo\\\/image\\\/\",\"url\":\"https:\\\/\\\/hansaplas.com\\\/wp-content\\\/uploads\\\/2022\\\/11\\\/logo.png\",\"contentUrl\":\"https:\\\/\\\/hansaplas.com\\\/wp-content\\\/uploads\\\/2022\\\/11\\\/logo.png\",\"width\":320,\"height\":77,\"caption\":\"Hansa\"},\"image\":{\"@id\":\"https:\\\/\\\/hansaplas.com\\\/#\\\/schema\\\/logo\\\/image\\\/\"}}]}<\/script>\n<!-- \/ Yoast SEO plugin. -->","yoast_head_json":{"title":"Obrigado - Hansa","robots":{"index":"index","follow":"follow","max-snippet":"max-snippet:-1","max-image-preview":"max-image-preview:large","max-video-preview":"max-video-preview:-1"},"canonical":"https:\/\/hansaplas.com\/pt\/obrigado\/","og_locale":"pt_PT","og_type":"article","og_title":"Thank You - Hansa","og_description":"Thanks for Your Inquiry, We will Get back to You within 8 Working Hours!","og_url":"https:\/\/hansaplas.com\/pt\/obrigado\/","og_site_name":"Hansa","article_modified_time":"2020-12-08T02:53:49+00:00","twitter_card":"summary_large_image","schema":{"@context":"https:\/\/schema.org","@graph":[{"@type":"WebPage","@id":"https:\/\/hansaplas.com\/thank-you\/","url":"https:\/\/hansaplas.com\/thank-you\/","name":"Obrigado - Hansa","isPartOf":{"@id":"https:\/\/hansaplas.com\/#website"},"datePublished":"2020-09-10T15:16:48+00:00","dateModified":"2020-12-08T02:53:49+00:00","breadcrumb":{"@id":"https:\/\/hansaplas.com\/thank-you\/#breadcrumb"},"inLanguage":"pt-PT","potentialAction":[{"@type":"ReadAction","target":["https:\/\/hansaplas.com\/thank-you\/"]}]},{"@type":"BreadcrumbList","@id":"https:\/\/hansaplas.com\/thank-you\/#breadcrumb","itemListElement":[{"@type":"ListItem","position":1,"name":"Home","item":"https:\/\/hansaplas.com\/"},{"@type":"ListItem","position":2,"name":"Thank You"}]},{"@type":"WebSite","@id":"https:\/\/hansaplas.com\/#website","url":"https:\/\/hansaplas.com\/","name":"Hansa","description":"","publisher":{"@id":"https:\/\/hansaplas.com\/#organization"},"potentialAction":[{"@type":"SearchAction","target":{"@type":"EntryPoint","urlTemplate":"https:\/\/hansaplas.com\/?s={search_term_string}"},"query-input":{"@type":"PropertyValueSpecification","valueRequired":true,"valueName":"search_term_string"}}],"inLanguage":"pt-PT"},{"@type":"Organization","@id":"https:\/\/hansaplas.com\/#organization","name":"Hansa","url":"https:\/\/hansaplas.com\/","logo":{"@type":"ImageObject","inLanguage":"pt-PT","@id":"https:\/\/hansaplas.com\/#\/schema\/logo\/image\/","url":"https:\/\/hansaplas.com\/wp-content\/uploads\/2022\/11\/logo.png","contentUrl":"https:\/\/hansaplas.com\/wp-content\/uploads\/2022\/11\/logo.png","width":320,"height":77,"caption":"Hansa"},"image":{"@id":"https:\/\/hansaplas.com\/#\/schema\/logo\/image\/"}}]}},"_links":{"self":[{"href":"https:\/\/hansaplas.com\/pt\/wp-json\/wp\/v2\/pages\/339","targetHints":{"allow":["GET"]}}],"collection":[{"href":"https:\/\/hansaplas.com\/pt\/wp-json\/wp\/v2\/pages"}],"about":[{"href":"https:\/\/hansaplas.com\/pt\/wp-json\/wp\/v2\/types\/page"}],"author":[{"embeddable":true,"href":"https:\/\/hansaplas.com\/pt\/wp-json\/wp\/v2\/users\/1"}],"replies":[{"embeddable":true,"href":"https:\/\/hansaplas.com\/pt\/wp-json\/wp\/v2\/comments?post=339"}],"version-history":[{"count":1,"href":"https:\/\/hansaplas.com\/pt\/wp-json\/wp\/v2\/pages\/339\/revisions"}],"predecessor-version":[{"id":340,"href":"https:\/\/hansaplas.com\/pt\/wp-json\/wp\/v2\/pages\/339\/revisions\/340"}],"wp:attachment":[{"href":"https:\/\/hansaplas.com\/pt\/wp-json\/wp\/v2\/media?parent=339"}],"curies":[{"name":"wp","href":"https:\/\/api.w.org\/{rel}","templated":true}]}}