{"id":13469,"date":"2023-03-30T03:25:02","date_gmt":"2023-03-30T03:25:02","guid":{"rendered":"https:\/\/hansaplas.com\/?page_id=13469"},"modified":"2023-03-31T01:26:27","modified_gmt":"2023-03-31T01:26:27","slug":"what-is-ptfe-temperature-range-the-ultimate-guide","status":"publish","type":"page","link":"https:\/\/hansaplas.com\/nl\/ptfe-temperatuurbereik\/","title":{"rendered":"Wat is het temperatuurbereik van PTFE? - De ultieme gids"},"content":{"rendered":"<p><img loading=\"lazy\" decoding=\"async\" class=\"alignnone size-full wp-image-13486 aligncenter\" src=\"http:\/\/hansaplas.com\/wp-content\/uploads\/2023\/03\/PTFE-Temperature-Range.jpg\" alt=\"PTFE-temperatuurbereik\" width=\"800\" height=\"450\" srcset=\"https:\/\/hansaplas.com\/wp-content\/uploads\/2023\/03\/PTFE-Temperature-Range.jpg 800w, https:\/\/hansaplas.com\/wp-content\/uploads\/2023\/03\/PTFE-Temperature-Range-768x432.jpg 768w\" sizes=\"auto, (max-width: 800px) 100vw, 800px\" \/><\/p>\n<p>PTFE is een fluorpolymeer dat behoort tot de groep kunststoffen die bestaan uit koolstof- en fluoratomen. Het is een materiaal dat goed bestand is tegen hitte, een lage wrijvingsco\u00ebffici\u00ebnt heeft en bestand is tegen chemicali\u00ebn.<\/p>\n<p>In deze handleiding worden enkele fundamentele aspecten van het temperatuurbereik van PTFE belicht.<\/p>\n<h2>RPTFE-temperatuurlimiet<\/h2>\n<div class=\"ast-oembed-container\" style=\"height: 100%;\"><iframe loading=\"lazy\" title=\"Wat is Teflon? - Voedingswetenschap\" width=\"500\" height=\"281\" src=\"https:\/\/www.youtube.com\/embed\/5sKC9D9rhck?feature=oembed\" frameborder=\"0\" allow=\"accelerometer; autoplay; clipboard-write; encrypted-media; gyroscope; picture-in-picture; web-share\" referrerpolicy=\"strict-origin-when-cross-origin\" allowfullscreen><\/iframe><\/div>\n<p>&nbsp;<\/p>\n<p>RPTFE is <a href=\"https:\/\/en.wikipedia.org\/wiki\/Polytetrafluoroethylene\">PTFE<\/a> versterkt met koolstof, glas of brons met een bereik van -45<sup>0<\/sup>C tot 230<sup>0<\/sup>C bedrijfstemperatuur.<\/p>\n<p>Doorgaans is het geschikt voor stoom- en thermische vloeistoftoepassingen vanwege de lage wrijvingsco\u00ebffici\u00ebnt. Bovendien is het goed bestand tegen chemicali\u00ebn, wat een langere levensduur biedt.<\/p>\n<figure id=\"attachment_13470\" aria-describedby=\"caption-attachment-13470\" style=\"width: 670px\" class=\"wp-caption aligncenter\"><img loading=\"lazy\" decoding=\"async\" class=\"wp-image-13470 size-full\" src=\"http:\/\/hansaplas.com\/wp-content\/uploads\/2023\/03\/Figure-1-PTFE.jpg\" alt=\"PTFE\" width=\"670\" height=\"380\" \/><figcaption id=\"caption-attachment-13470\" class=\"wp-caption-text\">PTFE<\/figcaption><\/figure>\n<h2>Temperatuurbereik van maagdelijk PTFE<\/h2>\n<p>PTFE heeft uitstekende thermische isolatie-eigenschappen met een lage wrijvingsco\u00ebffici\u00ebnt.<\/p>\n<p>De mechanische eigenschappen ervan zijn laag vergeleken met andere kunststoffen en hebben een breed bruikbaar temperatuurbereik van -73<sup>0<\/sup>C tot 149<sup>0<\/sup>C.<\/p>\n<figure id=\"attachment_13471\" aria-describedby=\"caption-attachment-13471\" style=\"width: 670px\" class=\"wp-caption aligncenter\"><img loading=\"lazy\" decoding=\"async\" class=\"wp-image-13471 size-full\" src=\"http:\/\/hansaplas.com\/wp-content\/uploads\/2023\/03\/Figure-2-PTFE-creep-rate.jpg\" alt=\"PTFE kruipsnelheid\" width=\"670\" height=\"380\" \/><figcaption id=\"caption-attachment-13471\" class=\"wp-caption-text\">PTFE kruipsnelheid<\/figcaption><\/figure>\n<h2>Smelttemperatuur van teflon<\/h2>\n<p><a href=\"https:\/\/www.britannica.com\/science\/polytetrafluoroethylene\">Teflon<\/a> is een synthetisch plastic met een dichtheid van 2,2 g\/cm\u00b3. Het heeft een smeltpunt van 327<sup>0<\/sup>C.<\/p>\n<h2>Temperatuurbereik van met glas gevulde PTFE<\/h2>\n<p>Glasvezelversterkte PTFE is maatvast en slijtvast.<\/p>\n<p>Het heeft een extreem goede chemische bestendigheid van -260<sup>0<\/sup>C tot +260<sup>0<\/sup>C temperatuurbereik.<\/p>\n<h2>PTFE-verzachtingstemperatuur<\/h2>\n<p>PTFE heeft een lineaire thermische uitzettingsco\u00ebffici\u00ebnt van 7,5<sup>0<\/sup>F en smelttemperatuur van 635<sup>0<\/sup>F<\/p>\n<h2>Temperatuurbereik van met grafiet gevulde PTFE<\/h2>\n<p>Grafiet heeft een lage wrijving en is goed zelf-smerend. Het heeft een temperatuurbereik van -175\u00b0C tot +260\u00b0C.<\/p>\n<figure id=\"attachment_13472\" aria-describedby=\"caption-attachment-13472\" style=\"width: 670px\" class=\"wp-caption aligncenter\"><img loading=\"lazy\" decoding=\"async\" class=\"wp-image-13472 size-full\" src=\"http:\/\/hansaplas.com\/wp-content\/uploads\/2023\/03\/Figure-3-Graphite-filled-PTFE.jpg\" alt=\"Grafietgevulde PTFE\" width=\"670\" height=\"380\" \/><figcaption id=\"caption-attachment-13472\" class=\"wp-caption-text\">Grafietgevulde PTFE<\/figcaption><\/figure>\n<h2>Hoe temperatuur de eigenschappen van PTFE be\u00efnvloedt<\/h2>\n<p>De moleculaire samenstelling van PFTE reageert anders bij blootstelling aan hoge temperaturen. Als er eenmaal vervorming heeft plaatsgevonden, is het moeilijk om de oorspronkelijke vorm terug te krijgen.<\/p>\n<p>Normaal gesproken begint PFTE de overgang te maken bij 25 \u00b0C. Deze neiging is echter gunstig voor toepassingen die treksterkte vereisen.<\/p>\n<h2>Thermische stabiliteitsbereik van PTFE<\/h2>\n<p>De <a href=\"https:\/\/www.nde-ed.org\/Physics\/Materials\/Structure\/polymer.xhtml\">polymeerstructuur<\/a> in de PFTE is het de meest thermisch stabiele component om zijn eigenschappen te behouden vanwege zijn hoge CC-bindingsenergie.<\/p>\n<h2>Hoe het temperatuurbereik van PTFE het gebruik bepaalt<\/h2>\n<p>Het wordt veel gebruikt bij de productie van antiaanbakkookgerei, zoals pannen en potten. Dit komt natuurlijk door de hoge thermische stabiliteit bij temperaturen van -200 \u00b0C tot 260 \u00b0C.<\/p>\n<p>Andere toepassingen zijn onder meer magnetrons, elektrische isolatoren, gasleidingen, koffiezetapparaten, chemische verwerkingssystemen, pakkingvoeringen, accessoires voor zonnepanelen, enzovoort.<\/p>\n<p>Voor elke toepassing kunt u kiezen <a href=\"https:\/\/hansaplas.com\/nl\/ptfe-platen\/\">PTFE-platen<\/a>, <a href=\"https:\/\/hansaplas.com\/nl\/ptfe-staaf\/\">PTFE-staven<\/a>, of PTFE-korrels.<\/p>\n<h2>Conclusie<\/h2>\n<p>PFTE is een synthetisch materiaal met superieure antiaanbakeigenschappen die niet met andere kunststoffen vergeleken kunnen worden.<\/p>\n<p>Omdat het materiaal bestand is tegen hoge temperaturen, een lage wrijvingsco\u00ebffici\u00ebnt heeft en volledig chemisch resistent is, kunnen er verschillende vulstoffen aan worden toegevoegd om de prestaties te verbeteren.<\/p>\n<p>Voor al uw PTFE-materialen, <a href=\"https:\/\/hansaplas.com\/nl\/neem-contact-met-ons-op\/\">Neem nu contact met ons op<\/a>.<\/p>","protected":false},"excerpt":{"rendered":"<p>PTFE is a fluoropolymer categorized in the group of plastics made up of carbon and fluorine atoms. It is a material that is good in [&hellip;]<\/p>\n","protected":false},"author":1,"featured_media":0,"parent":0,"menu_order":0,"comment_status":"closed","ping_status":"closed","template":"","meta":{"_acf_changed":false,"site-sidebar-layout":"default","site-content-layout":"default","ast-site-content-layout":"default","site-content-style":"default","site-sidebar-style":"default","ast-global-header-display":"","ast-banner-title-visibility":"","ast-main-header-display":"","ast-hfb-above-header-display":"","ast-hfb-below-header-display":"","ast-hfb-mobile-header-display":"","site-post-title":"","ast-breadcrumbs-content":"disabled","ast-featured-img":"","footer-sml-layout":"","ast-disable-related-posts":"","theme-transparent-header-meta":"default","adv-header-id-meta":"","stick-header-meta":"default","header-above-stick-meta":"","header-main-stick-meta":"","header-below-stick-meta":"","astra-migrate-meta-layouts":"default","ast-page-background-enabled":"default","ast-page-background-meta":{"desktop":{"background-color":"","background-image":"","background-repeat":"repeat","background-position":"center center","background-size":"auto","background-attachment":"scroll","background-type":"","background-media":"","overlay-type":"","overlay-color":"","overlay-opacity":"","overlay-gradient":""},"tablet":{"background-color":"","background-image":"","background-repeat":"repeat","background-position":"center center","background-size":"auto","background-attachment":"scroll","background-type":"","background-media":"","overlay-type":"","overlay-color":"","overlay-opacity":"","overlay-gradient":""},"mobile":{"background-color":"","background-image":"","background-repeat":"repeat","background-position":"center center","background-size":"auto","background-attachment":"scroll","background-type":"","background-media":"","overlay-type":"","overlay-color":"","overlay-opacity":"","overlay-gradient":""}},"ast-content-background-meta":{"desktop":{"background-color":"var(--ast-global-color-5)","background-image":"","background-repeat":"repeat","background-position":"center center","background-size":"auto","background-attachment":"scroll","background-type":"","background-media":"","overlay-type":"","overlay-color":"","overlay-opacity":"","overlay-gradient":""},"tablet":{"background-color":"var(--ast-global-color-5)","background-image":"","background-repeat":"repeat","background-position":"center center","background-size":"auto","background-attachment":"scroll","background-type":"","background-media":"","overlay-type":"","overlay-color":"","overlay-opacity":"","overlay-gradient":""},"mobile":{"background-color":"var(--ast-global-color-5)","background-image":"","background-repeat":"repeat","background-position":"center center","background-size":"auto","background-attachment":"scroll","background-type":"","background-media":"","overlay-type":"","overlay-color":"","overlay-opacity":"","overlay-gradient":""}},"footnotes":""},"class_list":["post-13469","page","type-page","status-publish","hentry"],"acf":[],"yoast_head":"<!-- This site is optimized with the Yoast SEO plugin v27.4 - https:\/\/yoast.com\/product\/yoast-seo-wordpress\/ -->\n<title>What is PTFE Temperature Range - The Ultimate Guide - Hansa<\/title>\n<meta name=\"robots\" content=\"index, follow, max-snippet:-1, max-image-preview:large, max-video-preview:-1\" \/>\n<link rel=\"canonical\" href=\"https:\/\/hansaplas.com\/nl\/ptfe-temperatuurbereik\/\" \/>\n<meta property=\"og:locale\" content=\"nl_NL\" \/>\n<meta property=\"og:type\" content=\"article\" \/>\n<meta property=\"og:title\" content=\"What is PTFE Temperature Range - The Ultimate Guide - Hansa\" \/>\n<meta property=\"og:description\" content=\"PTFE is a fluoropolymer categorized in the group of plastics made up of carbon and fluorine atoms. It is a material that is good in [&hellip;]\" \/>\n<meta property=\"og:url\" content=\"https:\/\/hansaplas.com\/nl\/ptfe-temperatuurbereik\/\" \/>\n<meta property=\"og:site_name\" content=\"Hansa\" \/>\n<meta property=\"article:modified_time\" content=\"2023-03-31T01:26:27+00:00\" \/>\n<meta property=\"og:image\" content=\"http:\/\/hansaplas.com\/wp-content\/uploads\/2023\/03\/PTFE-Temperature-Range.jpg\" \/>\n<meta name=\"twitter:card\" content=\"summary_large_image\" \/>\n<meta name=\"twitter:label1\" content=\"Geschatte leestijd\" \/>\n\t<meta name=\"twitter:data1\" content=\"3 minuten\" \/>\n<script type=\"application\/ld+json\" class=\"yoast-schema-graph\">{\"@context\":\"https:\\\/\\\/schema.org\",\"@graph\":[{\"@type\":\"WebPage\",\"@id\":\"https:\\\/\\\/hansaplas.com\\\/ptfe-temperature-range\\\/\",\"url\":\"https:\\\/\\\/hansaplas.com\\\/ptfe-temperature-range\\\/\",\"name\":\"What is PTFE Temperature Range - The Ultimate Guide - Hansa\",\"isPartOf\":{\"@id\":\"https:\\\/\\\/hansaplas.com\\\/#website\"},\"primaryImageOfPage\":{\"@id\":\"https:\\\/\\\/hansaplas.com\\\/ptfe-temperature-range\\\/#primaryimage\"},\"image\":{\"@id\":\"https:\\\/\\\/hansaplas.com\\\/ptfe-temperature-range\\\/#primaryimage\"},\"thumbnailUrl\":\"http:\\\/\\\/hansaplas.com\\\/wp-content\\\/uploads\\\/2023\\\/03\\\/PTFE-Temperature-Range.jpg\",\"datePublished\":\"2023-03-30T03:25:02+00:00\",\"dateModified\":\"2023-03-31T01:26:27+00:00\",\"breadcrumb\":{\"@id\":\"https:\\\/\\\/hansaplas.com\\\/ptfe-temperature-range\\\/#breadcrumb\"},\"inLanguage\":\"nl-NL\",\"potentialAction\":[{\"@type\":\"ReadAction\",\"target\":[\"https:\\\/\\\/hansaplas.com\\\/ptfe-temperature-range\\\/\"]}]},{\"@type\":\"ImageObject\",\"inLanguage\":\"nl-NL\",\"@id\":\"https:\\\/\\\/hansaplas.com\\\/ptfe-temperature-range\\\/#primaryimage\",\"url\":\"http:\\\/\\\/hansaplas.com\\\/wp-content\\\/uploads\\\/2023\\\/03\\\/PTFE-Temperature-Range.jpg\",\"contentUrl\":\"http:\\\/\\\/hansaplas.com\\\/wp-content\\\/uploads\\\/2023\\\/03\\\/PTFE-Temperature-Range.jpg\"},{\"@type\":\"BreadcrumbList\",\"@id\":\"https:\\\/\\\/hansaplas.com\\\/ptfe-temperature-range\\\/#breadcrumb\",\"itemListElement\":[{\"@type\":\"ListItem\",\"position\":1,\"name\":\"Home\",\"item\":\"https:\\\/\\\/hansaplas.com\\\/\"},{\"@type\":\"ListItem\",\"position\":2,\"name\":\"What is PTFE Temperature Range &#8211; The Ultimate Guide\"}]},{\"@type\":\"WebSite\",\"@id\":\"https:\\\/\\\/hansaplas.com\\\/#website\",\"url\":\"https:\\\/\\\/hansaplas.com\\\/\",\"name\":\"Hansa\",\"description\":\"\",\"publisher\":{\"@id\":\"https:\\\/\\\/hansaplas.com\\\/#organization\"},\"potentialAction\":[{\"@type\":\"SearchAction\",\"target\":{\"@type\":\"EntryPoint\",\"urlTemplate\":\"https:\\\/\\\/hansaplas.com\\\/?s={search_term_string}\"},\"query-input\":{\"@type\":\"PropertyValueSpecification\",\"valueRequired\":true,\"valueName\":\"search_term_string\"}}],\"inLanguage\":\"nl-NL\"},{\"@type\":\"Organization\",\"@id\":\"https:\\\/\\\/hansaplas.com\\\/#organization\",\"name\":\"Hansa\",\"url\":\"https:\\\/\\\/hansaplas.com\\\/\",\"logo\":{\"@type\":\"ImageObject\",\"inLanguage\":\"nl-NL\",\"@id\":\"https:\\\/\\\/hansaplas.com\\\/#\\\/schema\\\/logo\\\/image\\\/\",\"url\":\"https:\\\/\\\/hansaplas.com\\\/wp-content\\\/uploads\\\/2022\\\/11\\\/logo.png\",\"contentUrl\":\"https:\\\/\\\/hansaplas.com\\\/wp-content\\\/uploads\\\/2022\\\/11\\\/logo.png\",\"width\":320,\"height\":77,\"caption\":\"Hansa\"},\"image\":{\"@id\":\"https:\\\/\\\/hansaplas.com\\\/#\\\/schema\\\/logo\\\/image\\\/\"}}]}<\/script>\n<!-- \/ Yoast SEO plugin. -->","yoast_head_json":{"title":"Wat is het temperatuurbereik van PTFE? - De ultieme gids - Hansa","robots":{"index":"index","follow":"follow","max-snippet":"max-snippet:-1","max-image-preview":"max-image-preview:large","max-video-preview":"max-video-preview:-1"},"canonical":"https:\/\/hansaplas.com\/nl\/ptfe-temperatuurbereik\/","og_locale":"nl_NL","og_type":"article","og_title":"What is PTFE Temperature Range - The Ultimate Guide - Hansa","og_description":"PTFE is a fluoropolymer categorized in the group of plastics made up of carbon and fluorine atoms. It is a material that is good in [&hellip;]","og_url":"https:\/\/hansaplas.com\/nl\/ptfe-temperatuurbereik\/","og_site_name":"Hansa","article_modified_time":"2023-03-31T01:26:27+00:00","og_image":[{"url":"http:\/\/hansaplas.com\/wp-content\/uploads\/2023\/03\/PTFE-Temperature-Range.jpg","type":"","width":"","height":""}],"twitter_card":"summary_large_image","twitter_misc":{"Geschatte leestijd":"3 minuten"},"schema":{"@context":"https:\/\/schema.org","@graph":[{"@type":"WebPage","@id":"https:\/\/hansaplas.com\/ptfe-temperature-range\/","url":"https:\/\/hansaplas.com\/ptfe-temperature-range\/","name":"Wat is het temperatuurbereik van PTFE? - De ultieme gids - Hansa","isPartOf":{"@id":"https:\/\/hansaplas.com\/#website"},"primaryImageOfPage":{"@id":"https:\/\/hansaplas.com\/ptfe-temperature-range\/#primaryimage"},"image":{"@id":"https:\/\/hansaplas.com\/ptfe-temperature-range\/#primaryimage"},"thumbnailUrl":"http:\/\/hansaplas.com\/wp-content\/uploads\/2023\/03\/PTFE-Temperature-Range.jpg","datePublished":"2023-03-30T03:25:02+00:00","dateModified":"2023-03-31T01:26:27+00:00","breadcrumb":{"@id":"https:\/\/hansaplas.com\/ptfe-temperature-range\/#breadcrumb"},"inLanguage":"nl-NL","potentialAction":[{"@type":"ReadAction","target":["https:\/\/hansaplas.com\/ptfe-temperature-range\/"]}]},{"@type":"ImageObject","inLanguage":"nl-NL","@id":"https:\/\/hansaplas.com\/ptfe-temperature-range\/#primaryimage","url":"http:\/\/hansaplas.com\/wp-content\/uploads\/2023\/03\/PTFE-Temperature-Range.jpg","contentUrl":"http:\/\/hansaplas.com\/wp-content\/uploads\/2023\/03\/PTFE-Temperature-Range.jpg"},{"@type":"BreadcrumbList","@id":"https:\/\/hansaplas.com\/ptfe-temperature-range\/#breadcrumb","itemListElement":[{"@type":"ListItem","position":1,"name":"Home","item":"https:\/\/hansaplas.com\/"},{"@type":"ListItem","position":2,"name":"What is PTFE Temperature Range &#8211; The Ultimate Guide"}]},{"@type":"WebSite","@id":"https:\/\/hansaplas.com\/#website","url":"https:\/\/hansaplas.com\/","name":"Hansa","description":"","publisher":{"@id":"https:\/\/hansaplas.com\/#organization"},"potentialAction":[{"@type":"SearchAction","target":{"@type":"EntryPoint","urlTemplate":"https:\/\/hansaplas.com\/?s={search_term_string}"},"query-input":{"@type":"PropertyValueSpecification","valueRequired":true,"valueName":"search_term_string"}}],"inLanguage":"nl-NL"},{"@type":"Organization","@id":"https:\/\/hansaplas.com\/#organization","name":"Hansa","url":"https:\/\/hansaplas.com\/","logo":{"@type":"ImageObject","inLanguage":"nl-NL","@id":"https:\/\/hansaplas.com\/#\/schema\/logo\/image\/","url":"https:\/\/hansaplas.com\/wp-content\/uploads\/2022\/11\/logo.png","contentUrl":"https:\/\/hansaplas.com\/wp-content\/uploads\/2022\/11\/logo.png","width":320,"height":77,"caption":"Hansa"},"image":{"@id":"https:\/\/hansaplas.com\/#\/schema\/logo\/image\/"}}]}},"_links":{"self":[{"href":"https:\/\/hansaplas.com\/nl\/wp-json\/wp\/v2\/pages\/13469","targetHints":{"allow":["GET"]}}],"collection":[{"href":"https:\/\/hansaplas.com\/nl\/wp-json\/wp\/v2\/pages"}],"about":[{"href":"https:\/\/hansaplas.com\/nl\/wp-json\/wp\/v2\/types\/page"}],"author":[{"embeddable":true,"href":"https:\/\/hansaplas.com\/nl\/wp-json\/wp\/v2\/users\/1"}],"replies":[{"embeddable":true,"href":"https:\/\/hansaplas.com\/nl\/wp-json\/wp\/v2\/comments?post=13469"}],"version-history":[{"count":3,"href":"https:\/\/hansaplas.com\/nl\/wp-json\/wp\/v2\/pages\/13469\/revisions"}],"predecessor-version":[{"id":13488,"href":"https:\/\/hansaplas.com\/nl\/wp-json\/wp\/v2\/pages\/13469\/revisions\/13488"}],"wp:attachment":[{"href":"https:\/\/hansaplas.com\/nl\/wp-json\/wp\/v2\/media?parent=13469"}],"curies":[{"name":"wp","href":"https:\/\/api.w.org\/{rel}","templated":true}]}}