{"id":13469,"date":"2023-03-30T03:25:02","date_gmt":"2023-03-30T03:25:02","guid":{"rendered":"https:\/\/hansaplas.com\/?page_id=13469"},"modified":"2023-03-31T01:26:27","modified_gmt":"2023-03-31T01:26:27","slug":"what-is-ptfe-temperature-range-the-ultimate-guide","status":"publish","type":"page","link":"https:\/\/hansaplas.com\/es\/rango-de-temperatura-de-ptfe\/","title":{"rendered":"\u00bfCu\u00e1l es el rango de temperatura del PTFE? La gu\u00eda definitiva"},"content":{"rendered":"<p><img loading=\"lazy\" decoding=\"async\" class=\"alignnone size-full wp-image-13486 aligncenter\" src=\"http:\/\/hansaplas.com\/wp-content\/uploads\/2023\/03\/PTFE-Temperature-Range.jpg\" alt=\"Rango de temperatura de PTFE\" width=\"800\" height=\"450\" srcset=\"https:\/\/hansaplas.com\/wp-content\/uploads\/2023\/03\/PTFE-Temperature-Range.jpg 800w, https:\/\/hansaplas.com\/wp-content\/uploads\/2023\/03\/PTFE-Temperature-Range-768x432.jpg 768w\" sizes=\"auto, (max-width: 800px) 100vw, 800px\" \/><\/p>\n<p>El PTFE es un fluoropol\u00edmero clasificado dentro del grupo de pl\u00e1sticos compuestos por \u00e1tomos de carbono y fl\u00faor. Es un material con buena resistencia al calor, bajo coeficiente de fricci\u00f3n y resistencia qu\u00edmica.<\/p>\n<p>Esta gu\u00eda destaca algunos aspectos fundamentales sobre el rango de temperatura del PTFE.<\/p>\n<h2>L\u00edmite de temperatura de RPTFE<\/h2>\n<div class=\"ast-oembed-container\" style=\"height: 100%;\"><iframe loading=\"lazy\" title=\"\u00bfQu\u00e9 es el tefl\u00f3n? - Ciencia de los alimentos\" width=\"500\" height=\"281\" src=\"https:\/\/www.youtube.com\/embed\/5sKC9D9rhck?feature=oembed\" frameborder=\"0\" allow=\"accelerometer; autoplay; clipboard-write; encrypted-media; gyroscope; picture-in-picture; web-share\" referrerpolicy=\"strict-origin-when-cross-origin\" allowfullscreen><\/iframe><\/div>\n<p>&nbsp;<\/p>\n<p>El RPTFE es <a href=\"https:\/\/en.wikipedia.org\/wiki\/Polytetrafluoroethylene\">PTFE<\/a> Reforzado con carbono, vidrio o bronce con un rango de -45<sup>0<\/sup>C a 230<sup>0<\/sup>Temperatura de servicio C.<\/p>\n<p>Generalmente, es adecuado para aplicaciones de vapor y fluidos t\u00e9rmicos debido a su bajo coeficiente de fricci\u00f3n. Adem\u00e1s, presenta una buena resistencia qu\u00edmica, lo que ofrece una vida \u00fatil prolongada.<\/p>\n<figure id=\"attachment_13470\" aria-describedby=\"caption-attachment-13470\" style=\"width: 670px\" class=\"wp-caption aligncenter\"><img loading=\"lazy\" decoding=\"async\" class=\"wp-image-13470 size-full\" src=\"http:\/\/hansaplas.com\/wp-content\/uploads\/2023\/03\/Figure-1-PTFE.jpg\" alt=\"PTFE\" width=\"670\" height=\"380\" \/><figcaption id=\"caption-attachment-13470\" class=\"wp-caption-text\">PTFE<\/figcaption><\/figure>\n<h2>Rango de temperatura del PTFE virgen<\/h2>\n<p>El PTFE tiene excelentes propiedades de aislamiento t\u00e9rmico con un bajo coeficiente de fricci\u00f3n.<\/p>\n<p>Sus propiedades mec\u00e1nicas son bajas en comparaci\u00f3n con otros pl\u00e1sticos y tienen un amplio rango de temperatura \u00fatil de -73<sup>0<\/sup>C a 149<sup>0<\/sup>DO.<\/p>\n<figure id=\"attachment_13471\" aria-describedby=\"caption-attachment-13471\" style=\"width: 670px\" class=\"wp-caption aligncenter\"><img loading=\"lazy\" decoding=\"async\" class=\"wp-image-13471 size-full\" src=\"http:\/\/hansaplas.com\/wp-content\/uploads\/2023\/03\/Figure-2-PTFE-creep-rate.jpg\" alt=\"Tasa de fluencia de PTFE\" width=\"670\" height=\"380\" \/><figcaption id=\"caption-attachment-13471\" class=\"wp-caption-text\">Tasa de fluencia de PTFE<\/figcaption><\/figure>\n<h2>Temperatura de fusi\u00f3n del tefl\u00f3n<\/h2>\n<p><a href=\"https:\/\/www.britannica.com\/science\/polytetrafluoroethylene\">Tefl\u00f3n<\/a> Es un pl\u00e1stico sint\u00e9tico con una densidad de 2,2 g\/cm\u00b3. Su punto de fusi\u00f3n es de 327.<sup>0<\/sup>DO.<\/p>\n<h2>Rango de temperatura del PTFE relleno de vidrio<\/h2>\n<p>El PTFE relleno de vidrio es dimensionalmente estable y resistente al desgaste.<\/p>\n<p>Tiene una resistencia qu\u00edmica extremadamente buena de -260<sup>0<\/sup>C a +260<sup>0<\/sup>Rango de temperatura C.<\/p>\n<h2>Temperatura de ablandamiento del PTFE<\/h2>\n<p>El PTFE tiene un coeficiente de expansi\u00f3n t\u00e9rmica lineal de 7,5<sup>0<\/sup>F y temperatura de fusi\u00f3n de 635<sup>0<\/sup>F<\/p>\n<h2>Rango de temperatura del PTFE relleno de grafito<\/h2>\n<p>El grafito presenta baja fricci\u00f3n y buena autolubricaci\u00f3n. Su rango de temperatura es de -350 \u00b0F a 500 \u00b0F.<\/p>\n<figure id=\"attachment_13472\" aria-describedby=\"caption-attachment-13472\" style=\"width: 670px\" class=\"wp-caption aligncenter\"><img loading=\"lazy\" decoding=\"async\" class=\"wp-image-13472 size-full\" src=\"http:\/\/hansaplas.com\/wp-content\/uploads\/2023\/03\/Figure-3-Graphite-filled-PTFE.jpg\" alt=\"PTFE relleno de grafito\" width=\"670\" height=\"380\" \/><figcaption id=\"caption-attachment-13472\" class=\"wp-caption-text\">PTFE relleno de grafito<\/figcaption><\/figure>\n<h2>C\u00f3mo afecta la temperatura a las propiedades del PTFE<\/h2>\n<p>La composici\u00f3n molecular del PFTE reacciona de forma diferente al exponerse a altas temperaturas. Una vez deformado, es dif\u00edcil recuperar su estado original.<\/p>\n<p>Normalmente, el PFTE comienza a transicionar a 78 \u00b0F. Sin embargo, esta tendencia es favorable en aplicaciones que requieren resistencia a la tracci\u00f3n.<\/p>\n<h2>Rango de estabilidad t\u00e9rmica del PTFE<\/h2>\n<p>El <a href=\"https:\/\/www.nde-ed.org\/Physics\/Materials\/Structure\/polymer.xhtml\">estructura del pol\u00edmero<\/a> en el PFTE lo convierte en el mejor componente t\u00e9rmicamente estable para mantener sus propiedades debido a su alta energ\u00eda de enlace CC.<\/p>\n<h2>C\u00f3mo el rango de temperatura del PTFE determina los usos<\/h2>\n<p>Se utiliza com\u00fanmente en la fabricaci\u00f3n de utensilios de cocina antiadherentes, como sartenes y ollas. Esto se debe, por supuesto, a su alta estabilidad t\u00e9rmica en un rango de temperatura de -400 \u00b0F a 500 \u00b0F.<\/p>\n<p>Otras aplicaciones incluyen microondas, aisladores el\u00e9ctricos, tuber\u00edas de gas, cafeteras, sistemas de procesamiento qu\u00edmico, revestimiento de juntas, accesorios para paneles solares, etc.<\/p>\n<p>Para cualquier aplicaci\u00f3n, puedes elegir <a href=\"https:\/\/hansaplas.com\/es\/laminas-de-ptfe\/\">L\u00e1minas de PTFE<\/a>, <a href=\"https:\/\/hansaplas.com\/es\/varilla-de-ptfe\/\">varillas de PTFE<\/a>, o pellets de PTFE.<\/p>\n<h2>Conclusi\u00f3n<\/h2>\n<p>El PFTE es un material sint\u00e9tico con propiedades antiadherentes superiores que no se pueden comparar con otros pl\u00e1sticos.<\/p>\n<p>Con su estabilidad a altas temperaturas, bajo coeficiente de fricci\u00f3n y resistencia qu\u00edmica completa, se le pueden agregar varios rellenos para mejorar su rendimiento.<\/p>\n<p>Para todos sus materiales de PTFE, <a href=\"https:\/\/hansaplas.com\/es\/contactanos\/\">Cont\u00e1ctanos ahora<\/a>.<\/p>","protected":false},"excerpt":{"rendered":"<p>PTFE is a fluoropolymer categorized in the group of plastics made up of carbon and fluorine atoms. It is a material that is good in [&hellip;]<\/p>\n","protected":false},"author":1,"featured_media":0,"parent":0,"menu_order":0,"comment_status":"closed","ping_status":"closed","template":"","meta":{"_acf_changed":false,"site-sidebar-layout":"default","site-content-layout":"default","ast-site-content-layout":"default","site-content-style":"default","site-sidebar-style":"default","ast-global-header-display":"","ast-banner-title-visibility":"","ast-main-header-display":"","ast-hfb-above-header-display":"","ast-hfb-below-header-display":"","ast-hfb-mobile-header-display":"","site-post-title":"","ast-breadcrumbs-content":"disabled","ast-featured-img":"","footer-sml-layout":"","ast-disable-related-posts":"","theme-transparent-header-meta":"default","adv-header-id-meta":"","stick-header-meta":"default","header-above-stick-meta":"","header-main-stick-meta":"","header-below-stick-meta":"","astra-migrate-meta-layouts":"default","ast-page-background-enabled":"default","ast-page-background-meta":{"desktop":{"background-color":"","background-image":"","background-repeat":"repeat","background-position":"center center","background-size":"auto","background-attachment":"scroll","background-type":"","background-media":"","overlay-type":"","overlay-color":"","overlay-opacity":"","overlay-gradient":""},"tablet":{"background-color":"","background-image":"","background-repeat":"repeat","background-position":"center center","background-size":"auto","background-attachment":"scroll","background-type":"","background-media":"","overlay-type":"","overlay-color":"","overlay-opacity":"","overlay-gradient":""},"mobile":{"background-color":"","background-image":"","background-repeat":"repeat","background-position":"center center","background-size":"auto","background-attachment":"scroll","background-type":"","background-media":"","overlay-type":"","overlay-color":"","overlay-opacity":"","overlay-gradient":""}},"ast-content-background-meta":{"desktop":{"background-color":"var(--ast-global-color-5)","background-image":"","background-repeat":"repeat","background-position":"center center","background-size":"auto","background-attachment":"scroll","background-type":"","background-media":"","overlay-type":"","overlay-color":"","overlay-opacity":"","overlay-gradient":""},"tablet":{"background-color":"var(--ast-global-color-5)","background-image":"","background-repeat":"repeat","background-position":"center center","background-size":"auto","background-attachment":"scroll","background-type":"","background-media":"","overlay-type":"","overlay-color":"","overlay-opacity":"","overlay-gradient":""},"mobile":{"background-color":"var(--ast-global-color-5)","background-image":"","background-repeat":"repeat","background-position":"center center","background-size":"auto","background-attachment":"scroll","background-type":"","background-media":"","overlay-type":"","overlay-color":"","overlay-opacity":"","overlay-gradient":""}},"footnotes":""},"class_list":["post-13469","page","type-page","status-publish","hentry"],"acf":[],"yoast_head":"<!-- This site is optimized with the Yoast SEO plugin v27.4 - https:\/\/yoast.com\/product\/yoast-seo-wordpress\/ -->\n<title>What is PTFE Temperature Range - The Ultimate Guide - Hansa<\/title>\n<meta name=\"robots\" content=\"index, follow, max-snippet:-1, max-image-preview:large, max-video-preview:-1\" \/>\n<link rel=\"canonical\" href=\"https:\/\/hansaplas.com\/es\/rango-de-temperatura-de-ptfe\/\" \/>\n<meta property=\"og:locale\" content=\"es_ES\" \/>\n<meta property=\"og:type\" content=\"article\" \/>\n<meta property=\"og:title\" content=\"What is PTFE Temperature Range - The Ultimate Guide - Hansa\" \/>\n<meta property=\"og:description\" content=\"PTFE is a fluoropolymer categorized in the group of plastics made up of carbon and fluorine atoms. It is a material that is good in [&hellip;]\" \/>\n<meta property=\"og:url\" content=\"https:\/\/hansaplas.com\/es\/rango-de-temperatura-de-ptfe\/\" \/>\n<meta property=\"og:site_name\" content=\"Hansa\" \/>\n<meta property=\"article:modified_time\" content=\"2023-03-31T01:26:27+00:00\" \/>\n<meta property=\"og:image\" content=\"http:\/\/hansaplas.com\/wp-content\/uploads\/2023\/03\/PTFE-Temperature-Range.jpg\" \/>\n<meta name=\"twitter:card\" content=\"summary_large_image\" \/>\n<meta name=\"twitter:label1\" content=\"Tiempo de lectura\" \/>\n\t<meta name=\"twitter:data1\" content=\"3 minutos\" \/>\n<script type=\"application\/ld+json\" class=\"yoast-schema-graph\">{\"@context\":\"https:\\\/\\\/schema.org\",\"@graph\":[{\"@type\":\"WebPage\",\"@id\":\"https:\\\/\\\/hansaplas.com\\\/ptfe-temperature-range\\\/\",\"url\":\"https:\\\/\\\/hansaplas.com\\\/ptfe-temperature-range\\\/\",\"name\":\"What is PTFE Temperature Range - The Ultimate Guide - Hansa\",\"isPartOf\":{\"@id\":\"https:\\\/\\\/hansaplas.com\\\/#website\"},\"primaryImageOfPage\":{\"@id\":\"https:\\\/\\\/hansaplas.com\\\/ptfe-temperature-range\\\/#primaryimage\"},\"image\":{\"@id\":\"https:\\\/\\\/hansaplas.com\\\/ptfe-temperature-range\\\/#primaryimage\"},\"thumbnailUrl\":\"http:\\\/\\\/hansaplas.com\\\/wp-content\\\/uploads\\\/2023\\\/03\\\/PTFE-Temperature-Range.jpg\",\"datePublished\":\"2023-03-30T03:25:02+00:00\",\"dateModified\":\"2023-03-31T01:26:27+00:00\",\"breadcrumb\":{\"@id\":\"https:\\\/\\\/hansaplas.com\\\/ptfe-temperature-range\\\/#breadcrumb\"},\"inLanguage\":\"es\",\"potentialAction\":[{\"@type\":\"ReadAction\",\"target\":[\"https:\\\/\\\/hansaplas.com\\\/ptfe-temperature-range\\\/\"]}]},{\"@type\":\"ImageObject\",\"inLanguage\":\"es\",\"@id\":\"https:\\\/\\\/hansaplas.com\\\/ptfe-temperature-range\\\/#primaryimage\",\"url\":\"http:\\\/\\\/hansaplas.com\\\/wp-content\\\/uploads\\\/2023\\\/03\\\/PTFE-Temperature-Range.jpg\",\"contentUrl\":\"http:\\\/\\\/hansaplas.com\\\/wp-content\\\/uploads\\\/2023\\\/03\\\/PTFE-Temperature-Range.jpg\"},{\"@type\":\"BreadcrumbList\",\"@id\":\"https:\\\/\\\/hansaplas.com\\\/ptfe-temperature-range\\\/#breadcrumb\",\"itemListElement\":[{\"@type\":\"ListItem\",\"position\":1,\"name\":\"Home\",\"item\":\"https:\\\/\\\/hansaplas.com\\\/\"},{\"@type\":\"ListItem\",\"position\":2,\"name\":\"What is PTFE Temperature Range &#8211; The Ultimate Guide\"}]},{\"@type\":\"WebSite\",\"@id\":\"https:\\\/\\\/hansaplas.com\\\/#website\",\"url\":\"https:\\\/\\\/hansaplas.com\\\/\",\"name\":\"Hansa\",\"description\":\"\",\"publisher\":{\"@id\":\"https:\\\/\\\/hansaplas.com\\\/#organization\"},\"potentialAction\":[{\"@type\":\"SearchAction\",\"target\":{\"@type\":\"EntryPoint\",\"urlTemplate\":\"https:\\\/\\\/hansaplas.com\\\/?s={search_term_string}\"},\"query-input\":{\"@type\":\"PropertyValueSpecification\",\"valueRequired\":true,\"valueName\":\"search_term_string\"}}],\"inLanguage\":\"es\"},{\"@type\":\"Organization\",\"@id\":\"https:\\\/\\\/hansaplas.com\\\/#organization\",\"name\":\"Hansa\",\"url\":\"https:\\\/\\\/hansaplas.com\\\/\",\"logo\":{\"@type\":\"ImageObject\",\"inLanguage\":\"es\",\"@id\":\"https:\\\/\\\/hansaplas.com\\\/#\\\/schema\\\/logo\\\/image\\\/\",\"url\":\"https:\\\/\\\/hansaplas.com\\\/wp-content\\\/uploads\\\/2022\\\/11\\\/logo.png\",\"contentUrl\":\"https:\\\/\\\/hansaplas.com\\\/wp-content\\\/uploads\\\/2022\\\/11\\\/logo.png\",\"width\":320,\"height\":77,\"caption\":\"Hansa\"},\"image\":{\"@id\":\"https:\\\/\\\/hansaplas.com\\\/#\\\/schema\\\/logo\\\/image\\\/\"}}]}<\/script>\n<!-- \/ Yoast SEO plugin. -->","yoast_head_json":{"title":"\u00bfCu\u00e1l es el rango de temperatura del PTFE? La gu\u00eda definitiva - Hansa","robots":{"index":"index","follow":"follow","max-snippet":"max-snippet:-1","max-image-preview":"max-image-preview:large","max-video-preview":"max-video-preview:-1"},"canonical":"https:\/\/hansaplas.com\/es\/rango-de-temperatura-de-ptfe\/","og_locale":"es_ES","og_type":"article","og_title":"What is PTFE Temperature Range - The Ultimate Guide - Hansa","og_description":"PTFE is a fluoropolymer categorized in the group of plastics made up of carbon and fluorine atoms. It is a material that is good in [&hellip;]","og_url":"https:\/\/hansaplas.com\/es\/rango-de-temperatura-de-ptfe\/","og_site_name":"Hansa","article_modified_time":"2023-03-31T01:26:27+00:00","og_image":[{"url":"http:\/\/hansaplas.com\/wp-content\/uploads\/2023\/03\/PTFE-Temperature-Range.jpg","type":"","width":"","height":""}],"twitter_card":"summary_large_image","twitter_misc":{"Tiempo de lectura":"3 minutos"},"schema":{"@context":"https:\/\/schema.org","@graph":[{"@type":"WebPage","@id":"https:\/\/hansaplas.com\/ptfe-temperature-range\/","url":"https:\/\/hansaplas.com\/ptfe-temperature-range\/","name":"\u00bfCu\u00e1l es el rango de temperatura del PTFE? La gu\u00eda definitiva - Hansa","isPartOf":{"@id":"https:\/\/hansaplas.com\/#website"},"primaryImageOfPage":{"@id":"https:\/\/hansaplas.com\/ptfe-temperature-range\/#primaryimage"},"image":{"@id":"https:\/\/hansaplas.com\/ptfe-temperature-range\/#primaryimage"},"thumbnailUrl":"http:\/\/hansaplas.com\/wp-content\/uploads\/2023\/03\/PTFE-Temperature-Range.jpg","datePublished":"2023-03-30T03:25:02+00:00","dateModified":"2023-03-31T01:26:27+00:00","breadcrumb":{"@id":"https:\/\/hansaplas.com\/ptfe-temperature-range\/#breadcrumb"},"inLanguage":"es","potentialAction":[{"@type":"ReadAction","target":["https:\/\/hansaplas.com\/ptfe-temperature-range\/"]}]},{"@type":"ImageObject","inLanguage":"es","@id":"https:\/\/hansaplas.com\/ptfe-temperature-range\/#primaryimage","url":"http:\/\/hansaplas.com\/wp-content\/uploads\/2023\/03\/PTFE-Temperature-Range.jpg","contentUrl":"http:\/\/hansaplas.com\/wp-content\/uploads\/2023\/03\/PTFE-Temperature-Range.jpg"},{"@type":"BreadcrumbList","@id":"https:\/\/hansaplas.com\/ptfe-temperature-range\/#breadcrumb","itemListElement":[{"@type":"ListItem","position":1,"name":"Home","item":"https:\/\/hansaplas.com\/"},{"@type":"ListItem","position":2,"name":"What is PTFE Temperature Range &#8211; The Ultimate Guide"}]},{"@type":"WebSite","@id":"https:\/\/hansaplas.com\/#website","url":"https:\/\/hansaplas.com\/","name":"Hansa","description":"","publisher":{"@id":"https:\/\/hansaplas.com\/#organization"},"potentialAction":[{"@type":"SearchAction","target":{"@type":"EntryPoint","urlTemplate":"https:\/\/hansaplas.com\/?s={search_term_string}"},"query-input":{"@type":"PropertyValueSpecification","valueRequired":true,"valueName":"search_term_string"}}],"inLanguage":"es"},{"@type":"Organization","@id":"https:\/\/hansaplas.com\/#organization","name":"Hansa","url":"https:\/\/hansaplas.com\/","logo":{"@type":"ImageObject","inLanguage":"es","@id":"https:\/\/hansaplas.com\/#\/schema\/logo\/image\/","url":"https:\/\/hansaplas.com\/wp-content\/uploads\/2022\/11\/logo.png","contentUrl":"https:\/\/hansaplas.com\/wp-content\/uploads\/2022\/11\/logo.png","width":320,"height":77,"caption":"Hansa"},"image":{"@id":"https:\/\/hansaplas.com\/#\/schema\/logo\/image\/"}}]}},"_links":{"self":[{"href":"https:\/\/hansaplas.com\/es\/wp-json\/wp\/v2\/pages\/13469","targetHints":{"allow":["GET"]}}],"collection":[{"href":"https:\/\/hansaplas.com\/es\/wp-json\/wp\/v2\/pages"}],"about":[{"href":"https:\/\/hansaplas.com\/es\/wp-json\/wp\/v2\/types\/page"}],"author":[{"embeddable":true,"href":"https:\/\/hansaplas.com\/es\/wp-json\/wp\/v2\/users\/1"}],"replies":[{"embeddable":true,"href":"https:\/\/hansaplas.com\/es\/wp-json\/wp\/v2\/comments?post=13469"}],"version-history":[{"count":3,"href":"https:\/\/hansaplas.com\/es\/wp-json\/wp\/v2\/pages\/13469\/revisions"}],"predecessor-version":[{"id":13488,"href":"https:\/\/hansaplas.com\/es\/wp-json\/wp\/v2\/pages\/13469\/revisions\/13488"}],"wp:attachment":[{"href":"https:\/\/hansaplas.com\/es\/wp-json\/wp\/v2\/media?parent=13469"}],"curies":[{"name":"gracias","href":"https:\/\/api.w.org\/{rel}","templated":true}]}}