{"id":13469,"date":"2023-03-30T03:25:02","date_gmt":"2023-03-30T03:25:02","guid":{"rendered":"https:\/\/hansaplas.com\/?page_id=13469"},"modified":"2023-03-31T01:26:27","modified_gmt":"2023-03-31T01:26:27","slug":"what-is-ptfe-temperature-range-the-ultimate-guide","status":"publish","type":"page","link":"https:\/\/hansaplas.com\/de\/ptfe-temperaturbereich\/","title":{"rendered":"Was ist der PTFE-Temperaturbereich \u2013 Der ultimative Leitfaden"},"content":{"rendered":"<p><img loading=\"lazy\" decoding=\"async\" class=\"alignnone size-full wp-image-13486 aligncenter\" src=\"http:\/\/hansaplas.com\/wp-content\/uploads\/2023\/03\/PTFE-Temperature-Range.jpg\" alt=\"PTFE-Temperaturbereich\" width=\"800\" height=\"450\" srcset=\"https:\/\/hansaplas.com\/wp-content\/uploads\/2023\/03\/PTFE-Temperature-Range.jpg 800w, https:\/\/hansaplas.com\/wp-content\/uploads\/2023\/03\/PTFE-Temperature-Range-768x432.jpg 768w\" sizes=\"auto, (max-width: 800px) 100vw, 800px\" \/><\/p>\n<p>PTFE ist ein Fluorpolymer aus der Gruppe der Kunststoffe, die aus Kohlenstoff- und Fluoratomen bestehen. Es ist ein Material mit guter Hitzebest\u00e4ndigkeit, niedrigem Reibungskoeffizienten und chemischer Best\u00e4ndigkeit.<\/p>\n<p>Dieser Leitfaden beleuchtet einige grundlegende Aspekte zum Temperaturbereich von PTFE.<\/p>\n<h2>RPTFE-Temperaturgrenze<\/h2>\n<div class=\"ast-oembed-container\" style=\"height: 100%;\"><iframe loading=\"lazy\" title=\"Was ist Teflon? \u2013 Lebensmittelwissenschaft\" width=\"500\" height=\"281\" src=\"https:\/\/www.youtube.com\/embed\/5sKC9D9rhck?feature=oembed\" frameborder=\"0\" allow=\"accelerometer; autoplay; clipboard-write; encrypted-media; gyroscope; picture-in-picture; web-share\" referrerpolicy=\"strict-origin-when-cross-origin\" allowfullscreen><\/iframe><\/div>\n<p>&nbsp;<\/p>\n<p>RPTFE ist <a href=\"https:\/\/en.wikipedia.org\/wiki\/Polytetrafluoroethylene\">PTFE<\/a> verst\u00e4rkt mit Kohlenstoff, Glas oder Bronze mit einem Bereich von -45<sup>0<\/sup>C bis 230<sup>0<\/sup>C Betriebstemperatur.<\/p>\n<p>Aufgrund seines niedrigen Reibungskoeffizienten eignet es sich \u00fcblicherweise f\u00fcr Dampf- und Thermofluidanwendungen. Dar\u00fcber hinaus ist es gut chemikalienbest\u00e4ndig und bietet eine verbesserte Lebensdauer.<\/p>\n<figure id=\"attachment_13470\" aria-describedby=\"caption-attachment-13470\" style=\"width: 670px\" class=\"wp-caption aligncenter\"><img loading=\"lazy\" decoding=\"async\" class=\"wp-image-13470 size-full\" src=\"http:\/\/hansaplas.com\/wp-content\/uploads\/2023\/03\/Figure-1-PTFE.jpg\" alt=\"PTFE\" width=\"670\" height=\"380\" \/><figcaption id=\"caption-attachment-13470\" class=\"wp-caption-text\">PTFE<\/figcaption><\/figure>\n<h2>Temperaturbereich von reinem PTFE<\/h2>\n<p>PTFE verf\u00fcgt \u00fcber hervorragende W\u00e4rmeisolationseigenschaften bei niedrigem Reibungskoeffizienten.<\/p>\n<p>Seine mechanischen Eigenschaften sind im Vergleich zu anderen Kunststoffen gering und haben einen breiten nutzbaren Temperaturbereich von -73<sup>0<\/sup>C bis 149<sup>0<\/sup>C.<\/p>\n<figure id=\"attachment_13471\" aria-describedby=\"caption-attachment-13471\" style=\"width: 670px\" class=\"wp-caption aligncenter\"><img loading=\"lazy\" decoding=\"async\" class=\"wp-image-13471 size-full\" src=\"http:\/\/hansaplas.com\/wp-content\/uploads\/2023\/03\/Figure-2-PTFE-creep-rate.jpg\" alt=\"PTFE-Kriechgeschwindigkeit\" width=\"670\" height=\"380\" \/><figcaption id=\"caption-attachment-13471\" class=\"wp-caption-text\">PTFE-Kriechgeschwindigkeit<\/figcaption><\/figure>\n<h2>Schmelztemperatur von Teflon<\/h2>\n<p><a href=\"https:\/\/www.britannica.com\/science\/polytetrafluoroethylene\">Teflon<\/a> ist ein synthetischer Kunststoff mit einer Dichte von 2,2 g\/cm^3. Sein Schmelzpunkt liegt bei 327<sup>0<\/sup>C.<\/p>\n<h2>Temperaturbereich von glasgef\u00fclltem PTFE<\/h2>\n<p>Glasgef\u00fclltes PTFE ist formstabil und verschlei\u00dffest.<\/p>\n<p>Es verf\u00fcgt \u00fcber eine extrem gute chemische Best\u00e4ndigkeit von -260<sup>0<\/sup>C bis +260<sup>0<\/sup>C Temperaturbereich.<\/p>\n<h2>PTFE-Erweichungstemperatur<\/h2>\n<p>PTFE hat einen linearen W\u00e4rmeausdehnungskoeffizienten von 7,5<sup>0<\/sup>F und Schmelztemperatur von 635<sup>0<\/sup>F<\/p>\n<h2>Temperaturbereich von mit Graphit gef\u00fclltem PTFE<\/h2>\n<p>Graphit weist eine geringe Reibung und eine gute Selbstschmierung auf. Der Temperaturbereich betr\u00e4gt -175 \u00b0C bis +260 \u00b0C.<\/p>\n<figure id=\"attachment_13472\" aria-describedby=\"caption-attachment-13472\" style=\"width: 670px\" class=\"wp-caption aligncenter\"><img loading=\"lazy\" decoding=\"async\" class=\"wp-image-13472 size-full\" src=\"http:\/\/hansaplas.com\/wp-content\/uploads\/2023\/03\/Figure-3-Graphite-filled-PTFE.jpg\" alt=\"Graphitgef\u00fclltes PTFE\" width=\"670\" height=\"380\" \/><figcaption id=\"caption-attachment-13472\" class=\"wp-caption-text\">Graphitgef\u00fclltes PTFE<\/figcaption><\/figure>\n<h2>Wie die Temperatur die PTFE-Eigenschaften beeinflusst<\/h2>\n<p>Die molekulare Zusammensetzung von PTFE reagiert bei hohen Temperaturen anders. Sobald eine Verformung stattfindet, ist es schwierig, die urspr\u00fcngliche Form wiederherzustellen.<\/p>\n<p>Normalerweise beginnt PTFE bei 26 \u00b0C zu schmelzen. Diese Tendenz ist jedoch bei Anwendungen von Vorteil, bei denen Zugfestigkeit erforderlich ist.<\/p>\n<h2>PTFE-Thermostabilit\u00e4tsbereich<\/h2>\n<p>Der <a href=\"https:\/\/www.nde-ed.org\/Physics\/Materials\/Structure\/polymer.xhtml\">Polymerstruktur<\/a> im PTFE ist es aufgrund seiner hohen CC-Bindungsenergie die thermisch stabilste Komponente, die ihre Eigenschaften beh\u00e4lt.<\/p>\n<h2>Wie der PTFE-Temperaturbereich die Verwendung bestimmt<\/h2>\n<p>Es wird h\u00e4ufig zur Herstellung von antihaftbeschichtetem K\u00fcchenkochgeschirr wie Pfannen und T\u00f6pfen verwendet. Dies liegt nat\u00fcrlich an der hohen thermischen Stabilit\u00e4t im Temperaturbereich von -200 \u00b0C bis 260 \u00b0C.<\/p>\n<p>Weitere Anwendungen umfassen Mikrowellen, elektrische Isolatoren, Gasleitungsrohre, Kaffeemaschinen, chemische Verarbeitungssysteme, Dichtungsauskleidungen, Zubeh\u00f6r f\u00fcr Solarpaneele usw.<\/p>\n<p>F\u00fcr jede Anwendung k\u00f6nnen Sie w\u00e4hlen <a href=\"https:\/\/hansaplas.com\/de\/ptfe-platten\/\">PTFE-Platten<\/a>, <a href=\"https:\/\/hansaplas.com\/de\/ptfe-stab\/\">PTFE-St\u00e4be<\/a>oder PTFE-Pellets.<\/p>\n<h2>Abschluss<\/h2>\n<p>PTFE ist ein synthetisches Material mit hervorragenden Antihafteigenschaften, die mit anderen Kunststoffen nicht vergleichbar sind.<\/p>\n<p>Aufgrund seiner Hochtemperaturstabilit\u00e4t, seines niedrigen Reibungskoeffizienten und seiner vollst\u00e4ndigen chemischen Best\u00e4ndigkeit k\u00f6nnen verschiedene F\u00fcllstoffe hinzugef\u00fcgt werden, um seine Leistung zu verbessern.<\/p>\n<p>F\u00fcr alle Ihre PTFE-Materialien, <a href=\"https:\/\/hansaplas.com\/de\/kontaktieren-sie-uns\/\">Kontaktieren Sie uns jetzt<\/a>.<\/p>","protected":false},"excerpt":{"rendered":"<p>PTFE is a fluoropolymer categorized in the group of plastics made up of carbon and fluorine atoms. It is a material that is good in [&hellip;]<\/p>\n","protected":false},"author":1,"featured_media":0,"parent":0,"menu_order":0,"comment_status":"closed","ping_status":"closed","template":"","meta":{"_acf_changed":false,"site-sidebar-layout":"default","site-content-layout":"default","ast-site-content-layout":"default","site-content-style":"default","site-sidebar-style":"default","ast-global-header-display":"","ast-banner-title-visibility":"","ast-main-header-display":"","ast-hfb-above-header-display":"","ast-hfb-below-header-display":"","ast-hfb-mobile-header-display":"","site-post-title":"","ast-breadcrumbs-content":"disabled","ast-featured-img":"","footer-sml-layout":"","ast-disable-related-posts":"","theme-transparent-header-meta":"default","adv-header-id-meta":"","stick-header-meta":"default","header-above-stick-meta":"","header-main-stick-meta":"","header-below-stick-meta":"","astra-migrate-meta-layouts":"default","ast-page-background-enabled":"default","ast-page-background-meta":{"desktop":{"background-color":"","background-image":"","background-repeat":"repeat","background-position":"center center","background-size":"auto","background-attachment":"scroll","background-type":"","background-media":"","overlay-type":"","overlay-color":"","overlay-opacity":"","overlay-gradient":""},"tablet":{"background-color":"","background-image":"","background-repeat":"repeat","background-position":"center center","background-size":"auto","background-attachment":"scroll","background-type":"","background-media":"","overlay-type":"","overlay-color":"","overlay-opacity":"","overlay-gradient":""},"mobile":{"background-color":"","background-image":"","background-repeat":"repeat","background-position":"center center","background-size":"auto","background-attachment":"scroll","background-type":"","background-media":"","overlay-type":"","overlay-color":"","overlay-opacity":"","overlay-gradient":""}},"ast-content-background-meta":{"desktop":{"background-color":"var(--ast-global-color-5)","background-image":"","background-repeat":"repeat","background-position":"center center","background-size":"auto","background-attachment":"scroll","background-type":"","background-media":"","overlay-type":"","overlay-color":"","overlay-opacity":"","overlay-gradient":""},"tablet":{"background-color":"var(--ast-global-color-5)","background-image":"","background-repeat":"repeat","background-position":"center center","background-size":"auto","background-attachment":"scroll","background-type":"","background-media":"","overlay-type":"","overlay-color":"","overlay-opacity":"","overlay-gradient":""},"mobile":{"background-color":"var(--ast-global-color-5)","background-image":"","background-repeat":"repeat","background-position":"center center","background-size":"auto","background-attachment":"scroll","background-type":"","background-media":"","overlay-type":"","overlay-color":"","overlay-opacity":"","overlay-gradient":""}},"footnotes":""},"class_list":["post-13469","page","type-page","status-publish","hentry"],"acf":[],"yoast_head":"<!-- This site is optimized with the Yoast SEO plugin v27.4 - https:\/\/yoast.com\/product\/yoast-seo-wordpress\/ -->\n<title>What is PTFE Temperature Range - The Ultimate Guide - Hansa<\/title>\n<meta name=\"robots\" content=\"index, follow, max-snippet:-1, max-image-preview:large, max-video-preview:-1\" \/>\n<link rel=\"canonical\" href=\"https:\/\/hansaplas.com\/de\/ptfe-temperaturbereich\/\" \/>\n<meta property=\"og:locale\" content=\"de_DE\" \/>\n<meta property=\"og:type\" content=\"article\" \/>\n<meta property=\"og:title\" content=\"What is PTFE Temperature Range - The Ultimate Guide - Hansa\" \/>\n<meta property=\"og:description\" content=\"PTFE is a fluoropolymer categorized in the group of plastics made up of carbon and fluorine atoms. It is a material that is good in [&hellip;]\" \/>\n<meta property=\"og:url\" content=\"https:\/\/hansaplas.com\/de\/ptfe-temperaturbereich\/\" \/>\n<meta property=\"og:site_name\" content=\"Hansa\" \/>\n<meta property=\"article:modified_time\" content=\"2023-03-31T01:26:27+00:00\" \/>\n<meta property=\"og:image\" content=\"http:\/\/hansaplas.com\/wp-content\/uploads\/2023\/03\/PTFE-Temperature-Range.jpg\" \/>\n<meta name=\"twitter:card\" content=\"summary_large_image\" \/>\n<meta name=\"twitter:label1\" content=\"Gesch\u00e4tzte Lesezeit\" \/>\n\t<meta name=\"twitter:data1\" content=\"3\u00a0Minuten\" \/>\n<script type=\"application\/ld+json\" class=\"yoast-schema-graph\">{\"@context\":\"https:\\\/\\\/schema.org\",\"@graph\":[{\"@type\":\"WebPage\",\"@id\":\"https:\\\/\\\/hansaplas.com\\\/ptfe-temperature-range\\\/\",\"url\":\"https:\\\/\\\/hansaplas.com\\\/ptfe-temperature-range\\\/\",\"name\":\"What is PTFE Temperature Range - The Ultimate Guide - Hansa\",\"isPartOf\":{\"@id\":\"https:\\\/\\\/hansaplas.com\\\/#website\"},\"primaryImageOfPage\":{\"@id\":\"https:\\\/\\\/hansaplas.com\\\/ptfe-temperature-range\\\/#primaryimage\"},\"image\":{\"@id\":\"https:\\\/\\\/hansaplas.com\\\/ptfe-temperature-range\\\/#primaryimage\"},\"thumbnailUrl\":\"http:\\\/\\\/hansaplas.com\\\/wp-content\\\/uploads\\\/2023\\\/03\\\/PTFE-Temperature-Range.jpg\",\"datePublished\":\"2023-03-30T03:25:02+00:00\",\"dateModified\":\"2023-03-31T01:26:27+00:00\",\"breadcrumb\":{\"@id\":\"https:\\\/\\\/hansaplas.com\\\/ptfe-temperature-range\\\/#breadcrumb\"},\"inLanguage\":\"de\",\"potentialAction\":[{\"@type\":\"ReadAction\",\"target\":[\"https:\\\/\\\/hansaplas.com\\\/ptfe-temperature-range\\\/\"]}]},{\"@type\":\"ImageObject\",\"inLanguage\":\"de\",\"@id\":\"https:\\\/\\\/hansaplas.com\\\/ptfe-temperature-range\\\/#primaryimage\",\"url\":\"http:\\\/\\\/hansaplas.com\\\/wp-content\\\/uploads\\\/2023\\\/03\\\/PTFE-Temperature-Range.jpg\",\"contentUrl\":\"http:\\\/\\\/hansaplas.com\\\/wp-content\\\/uploads\\\/2023\\\/03\\\/PTFE-Temperature-Range.jpg\"},{\"@type\":\"BreadcrumbList\",\"@id\":\"https:\\\/\\\/hansaplas.com\\\/ptfe-temperature-range\\\/#breadcrumb\",\"itemListElement\":[{\"@type\":\"ListItem\",\"position\":1,\"name\":\"Home\",\"item\":\"https:\\\/\\\/hansaplas.com\\\/\"},{\"@type\":\"ListItem\",\"position\":2,\"name\":\"What is PTFE Temperature Range &#8211; The Ultimate Guide\"}]},{\"@type\":\"WebSite\",\"@id\":\"https:\\\/\\\/hansaplas.com\\\/#website\",\"url\":\"https:\\\/\\\/hansaplas.com\\\/\",\"name\":\"Hansa\",\"description\":\"\",\"publisher\":{\"@id\":\"https:\\\/\\\/hansaplas.com\\\/#organization\"},\"potentialAction\":[{\"@type\":\"SearchAction\",\"target\":{\"@type\":\"EntryPoint\",\"urlTemplate\":\"https:\\\/\\\/hansaplas.com\\\/?s={search_term_string}\"},\"query-input\":{\"@type\":\"PropertyValueSpecification\",\"valueRequired\":true,\"valueName\":\"search_term_string\"}}],\"inLanguage\":\"de\"},{\"@type\":\"Organization\",\"@id\":\"https:\\\/\\\/hansaplas.com\\\/#organization\",\"name\":\"Hansa\",\"url\":\"https:\\\/\\\/hansaplas.com\\\/\",\"logo\":{\"@type\":\"ImageObject\",\"inLanguage\":\"de\",\"@id\":\"https:\\\/\\\/hansaplas.com\\\/#\\\/schema\\\/logo\\\/image\\\/\",\"url\":\"https:\\\/\\\/hansaplas.com\\\/wp-content\\\/uploads\\\/2022\\\/11\\\/logo.png\",\"contentUrl\":\"https:\\\/\\\/hansaplas.com\\\/wp-content\\\/uploads\\\/2022\\\/11\\\/logo.png\",\"width\":320,\"height\":77,\"caption\":\"Hansa\"},\"image\":{\"@id\":\"https:\\\/\\\/hansaplas.com\\\/#\\\/schema\\\/logo\\\/image\\\/\"}}]}<\/script>\n<!-- \/ Yoast SEO plugin. -->","yoast_head_json":{"title":"Was ist der PTFE-Temperaturbereich? Der ultimative Leitfaden \u2013 Hansa","robots":{"index":"index","follow":"follow","max-snippet":"max-snippet:-1","max-image-preview":"max-image-preview:large","max-video-preview":"max-video-preview:-1"},"canonical":"https:\/\/hansaplas.com\/de\/ptfe-temperaturbereich\/","og_locale":"de_DE","og_type":"article","og_title":"What is PTFE Temperature Range - The Ultimate Guide - Hansa","og_description":"PTFE is a fluoropolymer categorized in the group of plastics made up of carbon and fluorine atoms. It is a material that is good in [&hellip;]","og_url":"https:\/\/hansaplas.com\/de\/ptfe-temperaturbereich\/","og_site_name":"Hansa","article_modified_time":"2023-03-31T01:26:27+00:00","og_image":[{"url":"http:\/\/hansaplas.com\/wp-content\/uploads\/2023\/03\/PTFE-Temperature-Range.jpg","type":"","width":"","height":""}],"twitter_card":"summary_large_image","twitter_misc":{"Gesch\u00e4tzte Lesezeit":"3\u00a0Minuten"},"schema":{"@context":"https:\/\/schema.org","@graph":[{"@type":"WebPage","@id":"https:\/\/hansaplas.com\/ptfe-temperature-range\/","url":"https:\/\/hansaplas.com\/ptfe-temperature-range\/","name":"Was ist der PTFE-Temperaturbereich? Der ultimative Leitfaden \u2013 Hansa","isPartOf":{"@id":"https:\/\/hansaplas.com\/#website"},"primaryImageOfPage":{"@id":"https:\/\/hansaplas.com\/ptfe-temperature-range\/#primaryimage"},"image":{"@id":"https:\/\/hansaplas.com\/ptfe-temperature-range\/#primaryimage"},"thumbnailUrl":"http:\/\/hansaplas.com\/wp-content\/uploads\/2023\/03\/PTFE-Temperature-Range.jpg","datePublished":"2023-03-30T03:25:02+00:00","dateModified":"2023-03-31T01:26:27+00:00","breadcrumb":{"@id":"https:\/\/hansaplas.com\/ptfe-temperature-range\/#breadcrumb"},"inLanguage":"de","potentialAction":[{"@type":"ReadAction","target":["https:\/\/hansaplas.com\/ptfe-temperature-range\/"]}]},{"@type":"ImageObject","inLanguage":"de","@id":"https:\/\/hansaplas.com\/ptfe-temperature-range\/#primaryimage","url":"http:\/\/hansaplas.com\/wp-content\/uploads\/2023\/03\/PTFE-Temperature-Range.jpg","contentUrl":"http:\/\/hansaplas.com\/wp-content\/uploads\/2023\/03\/PTFE-Temperature-Range.jpg"},{"@type":"BreadcrumbList","@id":"https:\/\/hansaplas.com\/ptfe-temperature-range\/#breadcrumb","itemListElement":[{"@type":"ListItem","position":1,"name":"Home","item":"https:\/\/hansaplas.com\/"},{"@type":"ListItem","position":2,"name":"What is PTFE Temperature Range &#8211; The Ultimate Guide"}]},{"@type":"WebSite","@id":"https:\/\/hansaplas.com\/#website","url":"https:\/\/hansaplas.com\/","name":"Hansa","description":"","publisher":{"@id":"https:\/\/hansaplas.com\/#organization"},"potentialAction":[{"@type":"SearchAction","target":{"@type":"EntryPoint","urlTemplate":"https:\/\/hansaplas.com\/?s={search_term_string}"},"query-input":{"@type":"PropertyValueSpecification","valueRequired":true,"valueName":"search_term_string"}}],"inLanguage":"de"},{"@type":"Organization","@id":"https:\/\/hansaplas.com\/#organization","name":"Hansa","url":"https:\/\/hansaplas.com\/","logo":{"@type":"ImageObject","inLanguage":"de","@id":"https:\/\/hansaplas.com\/#\/schema\/logo\/image\/","url":"https:\/\/hansaplas.com\/wp-content\/uploads\/2022\/11\/logo.png","contentUrl":"https:\/\/hansaplas.com\/wp-content\/uploads\/2022\/11\/logo.png","width":320,"height":77,"caption":"Hansa"},"image":{"@id":"https:\/\/hansaplas.com\/#\/schema\/logo\/image\/"}}]}},"_links":{"self":[{"href":"https:\/\/hansaplas.com\/de\/wp-json\/wp\/v2\/pages\/13469","targetHints":{"allow":["GET"]}}],"collection":[{"href":"https:\/\/hansaplas.com\/de\/wp-json\/wp\/v2\/pages"}],"about":[{"href":"https:\/\/hansaplas.com\/de\/wp-json\/wp\/v2\/types\/page"}],"author":[{"embeddable":true,"href":"https:\/\/hansaplas.com\/de\/wp-json\/wp\/v2\/users\/1"}],"replies":[{"embeddable":true,"href":"https:\/\/hansaplas.com\/de\/wp-json\/wp\/v2\/comments?post=13469"}],"version-history":[{"count":3,"href":"https:\/\/hansaplas.com\/de\/wp-json\/wp\/v2\/pages\/13469\/revisions"}],"predecessor-version":[{"id":13488,"href":"https:\/\/hansaplas.com\/de\/wp-json\/wp\/v2\/pages\/13469\/revisions\/13488"}],"wp:attachment":[{"href":"https:\/\/hansaplas.com\/de\/wp-json\/wp\/v2\/media?parent=13469"}],"curies":[{"name":"wp","href":"https:\/\/api.w.org\/{rel}","templated":true}]}}